{"id":614,"date":"2022-10-14T16:32:27","date_gmt":"2022-10-14T14:32:27","guid":{"rendered":"http:\/\/amt-lavage.com\/?page_id=614"},"modified":"2022-10-14T16:34:56","modified_gmt":"2022-10-14T14:34:56","slug":"stargate-sh11","status":"publish","type":"page","link":"http:\/\/amt-lavage.com\/?page_id=614","title":{"rendered":"Stargate SH11"},"content":{"rendered":"\t\t<div data-elementor-type=\"wp-page\" data-elementor-id=\"614\" class=\"elementor elementor-614\">\n\t\t\t\t\t\t<div class=\"elementor-inner\">\n\t\t\t\t<div class=\"elementor-section-wrap\">\n\t\t\t\t\t\t\t\t\t<section class=\"elementor-section elementor-top-section elementor-element elementor-element-9697790 elementor-section-boxed elementor-section-height-default elementor-section-height-default\" data-id=\"9697790\" data-element_type=\"section\">\n\t\t\t\t\t\t<div class=\"elementor-container elementor-column-gap-default\">\n\t\t\t\t\t\t\t<div class=\"elementor-row\">\n\t\t\t\t\t<div class=\"elementor-column elementor-col-50 elementor-top-column elementor-element elementor-element-d0d5da5\" data-id=\"d0d5da5\" data-element_type=\"column\">\n\t\t\t<div class=\"elementor-column-wrap elementor-element-populated\">\n\t\t\t\t\t\t\t<div class=\"elementor-widget-wrap\">\n\t\t\t\t\t\t<div class=\"elementor-element elementor-element-c913d31 elementor-widget elementor-widget-image\" data-id=\"c913d31\" data-element_type=\"widget\" data-widget_type=\"image.default\">\n\t\t\t\t<div class=\"elementor-widget-container\">\n\t\t\t\t\t\t\t\t<div class=\"elementor-image\">\n\t\t\t\t\t\t\t\t\t\t\t\t<img loading=\"lazy\" decoding=\"async\" width=\"1452\" height=\"1406\" src=\"http:\/\/amt-lavage.com\/wp-content\/uploads\/2022\/10\/Sans-titre-18.jpg\" class=\"attachment-full size-full\" alt=\"\" srcset=\"http:\/\/amt-lavage.com\/wp-content\/uploads\/2022\/10\/Sans-titre-18.jpg 1452w, http:\/\/amt-lavage.com\/wp-content\/uploads\/2022\/10\/Sans-titre-18-300x290.jpg 300w, http:\/\/amt-lavage.com\/wp-content\/uploads\/2022\/10\/Sans-titre-18-1024x992.jpg 1024w, http:\/\/amt-lavage.com\/wp-content\/uploads\/2022\/10\/Sans-titre-18-768x744.jpg 768w, http:\/\/amt-lavage.com\/wp-content\/uploads\/2022\/10\/Sans-titre-18-1115x1080.jpg 1115w\" sizes=\"auto, (max-width: 1452px) 100vw, 1452px\" \/>\t\t\t\t\t\t\t\t\t\t\t\t\t\t<\/div>\n\t\t\t\t\t\t<\/div>\n\t\t\t\t<\/div>\n\t\t\t\t\t\t<\/div>\n\t\t\t\t\t<\/div>\n\t\t<\/div>\n\t\t\t\t<div class=\"elementor-column elementor-col-50 elementor-top-column elementor-element elementor-element-a73e6d7\" data-id=\"a73e6d7\" data-element_type=\"column\">\n\t\t\t<div class=\"elementor-column-wrap elementor-element-populated\">\n\t\t\t\t\t\t\t<div class=\"elementor-widget-wrap\">\n\t\t\t\t\t\t<div class=\"elementor-element elementor-element-4651a85 elementor-widget elementor-widget-image\" data-id=\"4651a85\" data-element_type=\"widget\" data-widget_type=\"image.default\">\n\t\t\t\t<div class=\"elementor-widget-container\">\n\t\t\t\t\t\t\t\t<div class=\"elementor-image\">\n\t\t\t\t\t\t\t\t\t\t\t\t<img loading=\"lazy\" decoding=\"async\" width=\"319\" height=\"35\" src=\"http:\/\/amt-lavage.com\/wp-content\/uploads\/2022\/10\/Stargate-SH11-nom.jpg\" class=\"attachment-large size-large\" alt=\"\" srcset=\"http:\/\/amt-lavage.com\/wp-content\/uploads\/2022\/10\/Stargate-SH11-nom.jpg 319w, http:\/\/amt-lavage.com\/wp-content\/uploads\/2022\/10\/Stargate-SH11-nom-300x33.jpg 300w\" sizes=\"auto, (max-width: 319px) 100vw, 319px\" \/>\t\t\t\t\t\t\t\t\t\t\t\t\t\t<\/div>\n\t\t\t\t\t\t<\/div>\n\t\t\t\t<\/div>\n\t\t\t\t<div class=\"elementor-element elementor-element-3b28ebb elementor-widget elementor-widget-spacer\" data-id=\"3b28ebb\" data-element_type=\"widget\" data-widget_type=\"spacer.default\">\n\t\t\t\t<div class=\"elementor-widget-container\">\n\t\t\t\t\t<div class=\"elementor-spacer\">\n\t\t\t<div class=\"elementor-spacer-inner\"><\/div>\n\t\t<\/div>\n\t\t\t\t<\/div>\n\t\t\t\t<\/div>\n\t\t\t\t<div class=\"elementor-element elementor-element-34c98a9 elementor-widget elementor-widget-heading\" data-id=\"34c98a9\" data-element_type=\"widget\" data-widget_type=\"heading.default\">\n\t\t\t\t<div class=\"elementor-widget-container\">\n\t\t\t<h2 class=\"elementor-heading-title elementor-size-default\">Portique de lavage automobile<\/h2>\t\t<\/div>\n\t\t\t\t<\/div>\n\t\t\t\t<div class=\"elementor-element elementor-element-7b7e48e elementor-widget elementor-widget-text-editor\" data-id=\"7b7e48e\" data-element_type=\"widget\" data-widget_type=\"text-editor.default\">\n\t\t\t\t<div class=\"elementor-widget-container\">\n\t\t\t\t\t\t\t\t<div class=\"elementor-text-editor elementor-clearfix\">\n\t\t\t\t<p>Technologie avanc\u00e9e pour un succ\u00e8s et un fiabilit\u00e9 durable<\/p>\t\t\t\t\t<\/div>\n\t\t\t\t\t\t<\/div>\n\t\t\t\t<\/div>\n\t\t\t\t<div class=\"elementor-element elementor-element-0bdb5a8 elementor-widget elementor-widget-spacer\" data-id=\"0bdb5a8\" data-element_type=\"widget\" data-widget_type=\"spacer.default\">\n\t\t\t\t<div class=\"elementor-widget-container\">\n\t\t\t\t\t<div class=\"elementor-spacer\">\n\t\t\t<div class=\"elementor-spacer-inner\"><\/div>\n\t\t<\/div>\n\t\t\t\t<\/div>\n\t\t\t\t<\/div>\n\t\t\t\t<div class=\"elementor-element elementor-element-720a9c0 elementor-align-center elementor-widget elementor-widget-button\" data-id=\"720a9c0\" data-element_type=\"widget\" data-widget_type=\"button.default\">\n\t\t\t\t<div class=\"elementor-widget-container\">\n\t\t\t\t\t<div class=\"elementor-button-wrapper\">\n\t\t\t<a href=\"http:\/\/amt-lavage.com\/wp-content\/uploads\/2022\/10\/PDF-S7.pdf\" class=\"elementor-button-link elementor-button elementor-size-sm\" role=\"button\">\n\t\t\t\t\t\t<span class=\"elementor-button-content-wrapper\">\n\t\t\t\t\t\t<span class=\"elementor-button-text\">T\u00e9l\u00e9charger la fiche technique<\/span>\n\t\t<\/span>\n\t\t\t\t\t<\/a>\n\t\t<\/div>\n\t\t\t\t<\/div>\n\t\t\t\t<\/div>\n\t\t\t\t\t\t<\/div>\n\t\t\t\t\t<\/div>\n\t\t<\/div>\n\t\t\t\t\t\t\t\t<\/div>\n\t\t\t\t\t<\/div>\n\t\t<\/section>\n\t\t\t\t<section class=\"elementor-section elementor-top-section elementor-element elementor-element-b42a17f elementor-section-boxed elementor-section-height-default elementor-section-height-default\" data-id=\"b42a17f\" data-element_type=\"section\">\n\t\t\t\t\t\t<div class=\"elementor-container elementor-column-gap-default\">\n\t\t\t\t\t\t\t<div class=\"elementor-row\">\n\t\t\t\t\t<div class=\"elementor-column elementor-col-50 elementor-top-column elementor-element elementor-element-f23d96f\" data-id=\"f23d96f\" data-element_type=\"column\">\n\t\t\t<div class=\"elementor-column-wrap elementor-element-populated\">\n\t\t\t\t\t\t\t<div class=\"elementor-widget-wrap\">\n\t\t\t\t\t\t<div class=\"elementor-element elementor-element-32ae74e elementor-widget elementor-widget-heading\" data-id=\"32ae74e\" data-element_type=\"widget\" data-widget_type=\"heading.default\">\n\t\t\t\t<div class=\"elementor-widget-container\">\n\t\t\t<h2 class=\"elementor-heading-title elementor-size-default\">Caract\u00e9ristiques techniques<\/h2>\t\t<\/div>\n\t\t\t\t<\/div>\n\t\t\t\t<div class=\"elementor-element elementor-element-121b77a elementor-widget elementor-widget-text-editor\" data-id=\"121b77a\" data-element_type=\"widget\" data-widget_type=\"text-editor.default\">\n\t\t\t\t<div class=\"elementor-widget-container\">\n\t\t\t\t\t\t\t\t<div class=\"elementor-text-editor elementor-clearfix\">\n\t\t\t\t<p><span class=\"s1\"><span class=\"Apple-converted-space\">\u00a0<\/span><\/span><b>Structure<span class=\"Apple-converted-space\">\u00a0<\/span><\/b><\/p><p>\u2022 Ch\u00e2ssis en acier galvanis\u00e9 et verni<span class=\"Apple-converted-space\">\u00a0<\/span><\/p><p>\u2022 Car\u00e9nages en ABS *<span class=\"Apple-converted-space\">\u00a0<\/span><\/p><p>\u2022 Entra\u00eenement du portique direct avec variateur<span class=\"Apple-converted-space\">\u00a0<\/span><\/p><p>\u2022 Rivetage \u00e0 haute r\u00e9sistance de type a\u00e9ronautique<span class=\"Apple-converted-space\">\u00a0<\/span><\/p><p>\u2022 Boulonnerie en acier inox<span class=\"Apple-converted-space\">\u00a0<\/span><\/p><p><b>Haute pression lat\u00e9rale<span class=\"Apple-converted-space\">\u00a0<\/span><\/b><\/p><p><span class=\"s2\">\u2022 <\/span>5 buses rotatives et oscillantes pour une grande force d&#8217;impact et une couverture totale de la carrosserie<span class=\"Apple-converted-space\">\u00a0<\/span><\/p><p>\u2022 Structure en acier INOX<span class=\"Apple-converted-space\">\u00a0<\/span><\/p><p>\u2022 Divisible en 3 sections en fonction du profil du v\u00e9hicule<span class=\"Apple-converted-space\">\u00a0<\/span><\/p><p>\u2022 T\u00eate rotative avec 3 buses pour roues et c\u00f4t\u00e9s bas *<span class=\"Apple-converted-space\">\u00a0<\/span><\/p><p><b>Haute pression sup\u00e9rieure<span class=\"Apple-converted-space\">\u00a0<\/span><\/b><\/p><p><span class=\"s2\">\u2022 <\/span>6 buses rotatives et oscillantes pour une grande force d&#8217;impact et une couverture totale de la carrosserie<span class=\"Apple-converted-space\">\u00a0<\/span><\/p><p>\u2022 Lame horizontale en acier INOX suivant le profil du v\u00e9hicule et inclinable dans 4 positions<span class=\"Apple-converted-space\">\u00a0<\/span><\/p><p><span class=\"s2\">\u2022 <\/span>Hauteur minimum par rapport au sol pour le nettoyage des plaques et pare-chocs.<span class=\"Apple-converted-space\">\u00a0<\/span><\/p><p>\u2022 Double passage \u00e0 l&#8217;avant et \u00e0 l&#8217;arri\u00e8re<span class=\"Apple-converted-space\">\u00a0<\/span><\/p><p>\u2022 Soul\u00e8vement \u00e9lectrique avec variateur<span class=\"Apple-converted-space\">\u00a0<\/span><\/p><p>\u2022 Guides en acier inox<span class=\"Apple-converted-space\">\u00a0<\/span><\/p>\t\t\t\t\t<\/div>\n\t\t\t\t\t\t<\/div>\n\t\t\t\t<\/div>\n\t\t\t\t\t\t<\/div>\n\t\t\t\t\t<\/div>\n\t\t<\/div>\n\t\t\t\t<div class=\"elementor-column elementor-col-50 elementor-top-column elementor-element elementor-element-08331a5\" data-id=\"08331a5\" data-element_type=\"column\">\n\t\t\t<div class=\"elementor-column-wrap elementor-element-populated\">\n\t\t\t\t\t\t\t<div class=\"elementor-widget-wrap\">\n\t\t\t\t\t\t<div class=\"elementor-element elementor-element-77549f5 elementor-widget elementor-widget-text-editor\" data-id=\"77549f5\" data-element_type=\"widget\" data-widget_type=\"text-editor.default\">\n\t\t\t\t<div class=\"elementor-widget-container\">\n\t\t\t\t\t\t\t\t<div class=\"elementor-text-editor elementor-clearfix\">\n\t\t\t\t<p><b>Brosses verticales<span class=\"Apple-converted-space\">\u00a0<\/span><\/b><\/p><p><span class=\"s1\">\u2022 <\/span>Guide mono-poutrelle en acier galvanis\u00e9<span class=\"Apple-converted-space\">\u00a0<\/span><\/p><p><span class=\"s1\">\u2022 <\/span>Actionnement \u00e9lectrique avec variateur<span class=\"Apple-converted-space\">\u00a0<\/span><\/p><p>\u2022 Double brossage \u00e0 l\u2019avant et \u00e0 l\u2019arri\u00e8re du v\u00e9hicule<span class=\"Apple-converted-space\">\u00a0<\/span><\/p><p>\u2022 Double inclinaison et blocage par cylindre<span class=\"Apple-converted-space\">\u00a0<\/span><\/p><p>\u2022 Contr\u00f4le \u00e9lectronique de la puissance<span class=\"Apple-converted-space\">\u00a0<\/span><\/p><p><b>Brosse horizontale<span class=\"Apple-converted-space\">\u00a0<\/span><\/b><\/p><p>\u2022 Soul\u00e8vement \u00e9lectrique avec variateur<span class=\"Apple-converted-space\">\u00a0<\/span><\/p><p>\u2022 Contr\u00f4le \u00e9lectronique de la puissance<span class=\"Apple-converted-space\">\u00a0<\/span><\/p><p><span class=\"s1\">\u2022 <\/span>Guides en acier inox<span class=\"Apple-converted-space\">\u00a0<\/span><\/p><p><b>S\u00e9chage<span class=\"Apple-converted-space\">\u00a0<\/span><\/b><\/p><p>\u2022 Lame horizontale en acier inox suivant le profil, orientable dans 3 positions<span class=\"Apple-converted-space\">\u00a0<\/span><\/p><p>\u2022 Soul\u00e8vement \u00e9lectrique avec variateur<span class=\"Apple-converted-space\">\u00a0<\/span><\/p><p>\u2022 Guides en acier inox<span class=\"Apple-converted-space\">\u00a0<\/span><\/p><p><span class=\"s1\">\u2022 <\/span>S\u00e9chage lat\u00e9ral avec 2 \u00e9lectro ventilateurs \u00e0 lames inclin\u00e9es<span class=\"Apple-converted-space\">\u00a0<\/span><\/p><p><span class=\"s1\">\u2022 <\/span>Syst\u00e8me de s\u00e9curit\u00e9 anti-chute<span class=\"Apple-converted-space\">\u00a0<\/span><\/p><p><b>\u00c9quipement standard<span class=\"Apple-converted-space\">\u00a0<\/span><\/b><\/p><p>\u2022 Installation hydraulique avec \u00e9lectrovannes et rampes sp\u00e9cifiques<span class=\"Apple-converted-space\">\u00a0<\/span><\/p><p>\u2022 Pompe doseuse pour shampooing<span class=\"Apple-converted-space\">\u00a0<\/span><\/p><p>\u2022 Pompe doseuse pour cire<span class=\"Apple-converted-space\">\u00a0<\/span><\/p><p><span class=\"s1\">\u2022 <\/span>Terminal de commande dans bo\u00eetier mural<span class=\"Apple-converted-space\">\u00a0<\/span><\/p><p><span class=\"s1\">\u2022 <\/span>Pr\u00e9disposition Self-Service enti\u00e8rement int\u00e9gr\u00e9e dans l&#8217;\u00e9lectronique de la machine<span class=\"Apple-converted-space\">\u00a0<\/span><\/p><p>* en option<span class=\"Apple-converted-space\">\u00a0<\/span><\/p>\t\t\t\t\t<\/div>\n\t\t\t\t\t\t<\/div>\n\t\t\t\t<\/div>\n\t\t\t\t\t\t<\/div>\n\t\t\t\t\t<\/div>\n\t\t<\/div>\n\t\t\t\t\t\t\t\t<\/div>\n\t\t\t\t\t<\/div>\n\t\t<\/section>\n\t\t\t\t<section class=\"elementor-section elementor-top-section elementor-element elementor-element-ff71f02 elementor-section-boxed elementor-section-height-default elementor-section-height-default\" data-id=\"ff71f02\" data-element_type=\"section\">\n\t\t\t\t\t\t<div class=\"elementor-container elementor-column-gap-default\">\n\t\t\t\t\t\t\t<div class=\"elementor-row\">\n\t\t\t\t\t<div class=\"elementor-column elementor-col-100 elementor-top-column elementor-element elementor-element-20fcf08\" data-id=\"20fcf08\" data-element_type=\"column\">\n\t\t\t<div class=\"elementor-column-wrap elementor-element-populated\">\n\t\t\t\t\t\t\t<div class=\"elementor-widget-wrap\">\n\t\t\t\t\t\t<section class=\"elementor-section elementor-inner-section elementor-element elementor-element-b2f382d elementor-section-boxed elementor-section-height-default elementor-section-height-default\" data-id=\"b2f382d\" data-element_type=\"section\">\n\t\t\t\t\t\t<div class=\"elementor-container elementor-column-gap-default\">\n\t\t\t\t\t\t\t<div class=\"elementor-row\">\n\t\t\t\t\t<div class=\"elementor-column elementor-col-33 elementor-inner-column elementor-element elementor-element-ac3c5e7\" data-id=\"ac3c5e7\" data-element_type=\"column\">\n\t\t\t<div class=\"elementor-column-wrap elementor-element-populated\">\n\t\t\t\t\t\t\t<div class=\"elementor-widget-wrap\">\n\t\t\t\t\t\t<div class=\"elementor-element elementor-element-1eaeea0 elementor-view-stacked elementor-shape-circle elementor-mobile-position-top elementor-vertical-align-top elementor-widget elementor-widget-icon-box\" data-id=\"1eaeea0\" data-element_type=\"widget\" data-widget_type=\"icon-box.default\">\n\t\t\t\t<div class=\"elementor-widget-container\">\n\t\t\t\t\t<div class=\"elementor-icon-box-wrapper\">\n\t\t\t\t\t\t<div class=\"elementor-icon-box-icon\">\n\t\t\t\t<a class=\"elementor-icon elementor-animation-grow\" href=\"http:\/\/amt-lavage.com\/?page_id=338\">\n\t\t\t\t<i aria-hidden=\"true\" class=\"fas fa-location-arrow\"><\/i>\t\t\t\t<\/a>\n\t\t\t<\/div>\n\t\t\t\t\t\t<div class=\"elementor-icon-box-content\">\n\t\t\t\t<h3 class=\"elementor-icon-box-title\">\n\t\t\t\t\t<a href=\"http:\/\/amt-lavage.com\/?page_id=338\" >\n\t\t\t\t\t\tSi\u00e8ge Social\t\t\t\t\t<\/a>\n\t\t\t\t<\/h3>\n\t\t\t\t\t\t\t\t\t<p class=\"elementor-icon-box-description\">\n\t\t\t\t\t\t385 rue Fran\u00e7ois Rabelais \nZI Port L'Ardoise Nord \n30290 Laudun-L'Ardoise\t\t\t\t\t<\/p>\n\t\t\t\t\t\t\t<\/div>\n\t\t<\/div>\n\t\t\t\t<\/div>\n\t\t\t\t<\/div>\n\t\t\t\t\t\t<\/div>\n\t\t\t\t\t<\/div>\n\t\t<\/div>\n\t\t\t\t<div class=\"elementor-column elementor-col-33 elementor-inner-column elementor-element elementor-element-b17be00\" data-id=\"b17be00\" data-element_type=\"column\">\n\t\t\t<div class=\"elementor-column-wrap elementor-element-populated\">\n\t\t\t\t\t\t\t<div class=\"elementor-widget-wrap\">\n\t\t\t\t\t\t<div class=\"elementor-element elementor-element-1cdc656 elementor-view-stacked elementor-shape-circle elementor-mobile-position-top elementor-vertical-align-top elementor-widget elementor-widget-icon-box\" data-id=\"1cdc656\" data-element_type=\"widget\" data-widget_type=\"icon-box.default\">\n\t\t\t\t<div class=\"elementor-widget-container\">\n\t\t\t\t\t<div class=\"elementor-icon-box-wrapper\">\n\t\t\t\t\t\t<div class=\"elementor-icon-box-icon\">\n\t\t\t\t<a class=\"elementor-icon elementor-animation-grow\" href=\"http:\/\/amt-lavage.com\/?page_id=338\">\n\t\t\t\t<i class=\"fa fa-phone\" aria-hidden=\"true\"><\/i>\t\t\t\t<\/a>\n\t\t\t<\/div>\n\t\t\t\t\t\t<div class=\"elementor-icon-box-content\">\n\t\t\t\t<h3 class=\"elementor-icon-box-title\">\n\t\t\t\t\t<a href=\"http:\/\/amt-lavage.com\/?page_id=338\" >\n\t\t\t\t\t\tT\u00e9l\u00e9phone\t\t\t\t\t<\/a>\n\t\t\t\t<\/h3>\n\t\t\t\t\t\t\t\t\t<p class=\"elementor-icon-box-description\">\n\t\t\t\t\t\t04 66 82 55 62\t\t\t\t\t<\/p>\n\t\t\t\t\t\t\t<\/div>\n\t\t<\/div>\n\t\t\t\t<\/div>\n\t\t\t\t<\/div>\n\t\t\t\t\t\t<\/div>\n\t\t\t\t\t<\/div>\n\t\t<\/div>\n\t\t\t\t<div class=\"elementor-column elementor-col-33 elementor-inner-column elementor-element elementor-element-4bb047c\" data-id=\"4bb047c\" data-element_type=\"column\">\n\t\t\t<div class=\"elementor-column-wrap elementor-element-populated\">\n\t\t\t\t\t\t\t<div class=\"elementor-widget-wrap\">\n\t\t\t\t\t\t<div class=\"elementor-element elementor-element-191c2e9 elementor-view-stacked elementor-shape-circle elementor-mobile-position-top elementor-vertical-align-top elementor-widget elementor-widget-icon-box\" data-id=\"191c2e9\" data-element_type=\"widget\" data-widget_type=\"icon-box.default\">\n\t\t\t\t<div class=\"elementor-widget-container\">\n\t\t\t\t\t<div class=\"elementor-icon-box-wrapper\">\n\t\t\t\t\t\t<div class=\"elementor-icon-box-icon\">\n\t\t\t\t<a class=\"elementor-icon elementor-animation-grow\" href=\"http:\/\/amt-lavage.com\/?page_id=338\">\n\t\t\t\t<i class=\"fa fa-envelope-o\" aria-hidden=\"true\"><\/i>\t\t\t\t<\/a>\n\t\t\t<\/div>\n\t\t\t\t\t\t<div class=\"elementor-icon-box-content\">\n\t\t\t\t<h3 class=\"elementor-icon-box-title\">\n\t\t\t\t\t<a href=\"http:\/\/amt-lavage.com\/?page_id=338\" >\n\t\t\t\t\t\tEmail\t\t\t\t\t<\/a>\n\t\t\t\t<\/h3>\n\t\t\t\t\t\t\t\t\t<p class=\"elementor-icon-box-description\">\n\t\t\t\t\t\tcontact@amt-lavage.fr\t\t\t\t\t<\/p>\n\t\t\t\t\t\t\t<\/div>\n\t\t<\/div>\n\t\t\t\t<\/div>\n\t\t\t\t<\/div>\n\t\t\t\t\t\t<\/div>\n\t\t\t\t\t<\/div>\n\t\t<\/div>\n\t\t\t\t\t\t\t\t<\/div>\n\t\t\t\t\t<\/div>\n\t\t<\/section>\n\t\t\t\t\t\t<\/div>\n\t\t\t\t\t<\/div>\n\t\t<\/div>\n\t\t\t\t\t\t\t\t<\/div>\n\t\t\t\t\t<\/div>\n\t\t<\/section>\n\t\t\t\t\t\t\t\t\t<\/div>\n\t\t\t<\/div>\n\t\t\t\t\t<\/div>\n\t\t","protected":false},"excerpt":{"rendered":"<p>Portique de lavage automobile Technologie avanc\u00e9e pour un succ\u00e8s et un fiabilit\u00e9 durable T\u00e9l\u00e9charger la fiche technique Caract\u00e9ristiques techniques \u00a0Structure\u00a0 \u2022 Ch\u00e2ssis en acier galvanis\u00e9 et verni\u00a0 \u2022 Car\u00e9nages en ABS *\u00a0 \u2022 Entra\u00eenement du portique direct avec variateur\u00a0 \u2022 Rivetage \u00e0 haute r\u00e9sistance de type a\u00e9ronautique\u00a0 \u2022 Boulonnerie en acier inox\u00a0 Haute pression lat\u00e9rale\u00a0&hellip; <br \/> <a class=\"read-more\" href=\"http:\/\/amt-lavage.com\/?page_id=614\">Read more<\/a><\/p>\n","protected":false},"author":1,"featured_media":0,"parent":0,"menu_order":0,"comment_status":"closed","ping_status":"closed","template":"","meta":{"footnotes":""},"class_list":["post-614","page","type-page","status-publish","hentry"],"_links":{"self":[{"href":"http:\/\/amt-lavage.com\/index.php?rest_route=\/wp\/v2\/pages\/614","targetHints":{"allow":["GET"]}}],"collection":[{"href":"http:\/\/amt-lavage.com\/index.php?rest_route=\/wp\/v2\/pages"}],"about":[{"href":"http:\/\/amt-lavage.com\/index.php?rest_route=\/wp\/v2\/types\/page"}],"author":[{"embeddable":true,"href":"http:\/\/amt-lavage.com\/index.php?rest_route=\/wp\/v2\/users\/1"}],"replies":[{"embeddable":true,"href":"http:\/\/amt-lavage.com\/index.php?rest_route=%2Fwp%2Fv2%2Fcomments&post=614"}],"version-history":[{"count":4,"href":"http:\/\/amt-lavage.com\/index.php?rest_route=\/wp\/v2\/pages\/614\/revisions"}],"predecessor-version":[{"id":619,"href":"http:\/\/amt-lavage.com\/index.php?rest_route=\/wp\/v2\/pages\/614\/revisions\/619"}],"wp:attachment":[{"href":"http:\/\/amt-lavage.com\/index.php?rest_route=%2Fwp%2Fv2%2Fmedia&parent=614"}],"curies":[{"name":"wp","href":"https:\/\/api.w.org\/{rel}","templated":true}]}}