{"id":608,"date":"2022-10-14T16:28:45","date_gmt":"2022-10-14T14:28:45","guid":{"rendered":"http:\/\/amt-lavage.com\/?page_id=608"},"modified":"2022-10-14T16:31:28","modified_gmt":"2022-10-14T14:31:28","slug":"stargate-s11","status":"publish","type":"page","link":"http:\/\/amt-lavage.com\/?page_id=608","title":{"rendered":"Stargate S11"},"content":{"rendered":"\t\t<div data-elementor-type=\"wp-page\" data-elementor-id=\"608\" class=\"elementor elementor-608\">\n\t\t\t\t\t\t<div class=\"elementor-inner\">\n\t\t\t\t<div class=\"elementor-section-wrap\">\n\t\t\t\t\t\t\t\t\t<section class=\"elementor-section elementor-top-section elementor-element elementor-element-d323bef elementor-section-boxed elementor-section-height-default elementor-section-height-default\" data-id=\"d323bef\" data-element_type=\"section\">\n\t\t\t\t\t\t<div class=\"elementor-container elementor-column-gap-default\">\n\t\t\t\t\t\t\t<div class=\"elementor-row\">\n\t\t\t\t\t<div class=\"elementor-column elementor-col-50 elementor-top-column elementor-element elementor-element-b4ff7c9\" data-id=\"b4ff7c9\" data-element_type=\"column\">\n\t\t\t<div class=\"elementor-column-wrap elementor-element-populated\">\n\t\t\t\t\t\t\t<div class=\"elementor-widget-wrap\">\n\t\t\t\t\t\t<div class=\"elementor-element elementor-element-db0c217 elementor-widget elementor-widget-image\" data-id=\"db0c217\" data-element_type=\"widget\" data-widget_type=\"image.default\">\n\t\t\t\t<div class=\"elementor-widget-container\">\n\t\t\t\t\t\t\t\t<div class=\"elementor-image\">\n\t\t\t\t\t\t\t\t\t\t\t\t<img loading=\"lazy\" decoding=\"async\" width=\"1452\" height=\"1406\" src=\"http:\/\/amt-lavage.com\/wp-content\/uploads\/2022\/10\/Sans-titre-16.jpg\" class=\"attachment-full size-full\" alt=\"\" srcset=\"http:\/\/amt-lavage.com\/wp-content\/uploads\/2022\/10\/Sans-titre-16.jpg 1452w, http:\/\/amt-lavage.com\/wp-content\/uploads\/2022\/10\/Sans-titre-16-300x290.jpg 300w, http:\/\/amt-lavage.com\/wp-content\/uploads\/2022\/10\/Sans-titre-16-1024x992.jpg 1024w, http:\/\/amt-lavage.com\/wp-content\/uploads\/2022\/10\/Sans-titre-16-768x744.jpg 768w, http:\/\/amt-lavage.com\/wp-content\/uploads\/2022\/10\/Sans-titre-16-1115x1080.jpg 1115w\" sizes=\"auto, (max-width: 1452px) 100vw, 1452px\" \/>\t\t\t\t\t\t\t\t\t\t\t\t\t\t<\/div>\n\t\t\t\t\t\t<\/div>\n\t\t\t\t<\/div>\n\t\t\t\t\t\t<\/div>\n\t\t\t\t\t<\/div>\n\t\t<\/div>\n\t\t\t\t<div class=\"elementor-column elementor-col-50 elementor-top-column elementor-element elementor-element-c543475\" data-id=\"c543475\" data-element_type=\"column\">\n\t\t\t<div class=\"elementor-column-wrap elementor-element-populated\">\n\t\t\t\t\t\t\t<div class=\"elementor-widget-wrap\">\n\t\t\t\t\t\t<div class=\"elementor-element elementor-element-641632f elementor-widget elementor-widget-image\" data-id=\"641632f\" data-element_type=\"widget\" data-widget_type=\"image.default\">\n\t\t\t\t<div class=\"elementor-widget-container\">\n\t\t\t\t\t\t\t\t<div class=\"elementor-image\">\n\t\t\t\t\t\t\t\t\t\t\t\t<img loading=\"lazy\" decoding=\"async\" width=\"319\" height=\"34\" src=\"http:\/\/amt-lavage.com\/wp-content\/uploads\/2022\/10\/Stargate-S11-nom.jpg\" class=\"attachment-large size-large\" alt=\"\" srcset=\"http:\/\/amt-lavage.com\/wp-content\/uploads\/2022\/10\/Stargate-S11-nom.jpg 319w, http:\/\/amt-lavage.com\/wp-content\/uploads\/2022\/10\/Stargate-S11-nom-300x32.jpg 300w\" sizes=\"auto, (max-width: 319px) 100vw, 319px\" \/>\t\t\t\t\t\t\t\t\t\t\t\t\t\t<\/div>\n\t\t\t\t\t\t<\/div>\n\t\t\t\t<\/div>\n\t\t\t\t<div class=\"elementor-element elementor-element-1486d16 elementor-widget elementor-widget-spacer\" data-id=\"1486d16\" data-element_type=\"widget\" data-widget_type=\"spacer.default\">\n\t\t\t\t<div class=\"elementor-widget-container\">\n\t\t\t\t\t<div class=\"elementor-spacer\">\n\t\t\t<div class=\"elementor-spacer-inner\"><\/div>\n\t\t<\/div>\n\t\t\t\t<\/div>\n\t\t\t\t<\/div>\n\t\t\t\t<div class=\"elementor-element elementor-element-1f9cdad elementor-widget elementor-widget-heading\" data-id=\"1f9cdad\" data-element_type=\"widget\" data-widget_type=\"heading.default\">\n\t\t\t\t<div class=\"elementor-widget-container\">\n\t\t\t<h2 class=\"elementor-heading-title elementor-size-default\">Portique de lavage automobile<\/h2>\t\t<\/div>\n\t\t\t\t<\/div>\n\t\t\t\t<div class=\"elementor-element elementor-element-e87dafc elementor-widget elementor-widget-text-editor\" data-id=\"e87dafc\" data-element_type=\"widget\" data-widget_type=\"text-editor.default\">\n\t\t\t\t<div class=\"elementor-widget-container\">\n\t\t\t\t\t\t\t\t<div class=\"elementor-text-editor elementor-clearfix\">\n\t\t\t\t<p>Technologie avanc\u00e9e pour un succ\u00e8s et un fiabilit\u00e9 durable<\/p>\t\t\t\t\t<\/div>\n\t\t\t\t\t\t<\/div>\n\t\t\t\t<\/div>\n\t\t\t\t<div class=\"elementor-element elementor-element-51aaef4 elementor-widget elementor-widget-spacer\" data-id=\"51aaef4\" data-element_type=\"widget\" data-widget_type=\"spacer.default\">\n\t\t\t\t<div class=\"elementor-widget-container\">\n\t\t\t\t\t<div class=\"elementor-spacer\">\n\t\t\t<div class=\"elementor-spacer-inner\"><\/div>\n\t\t<\/div>\n\t\t\t\t<\/div>\n\t\t\t\t<\/div>\n\t\t\t\t<div class=\"elementor-element elementor-element-f3e45c9 elementor-align-center elementor-widget elementor-widget-button\" data-id=\"f3e45c9\" data-element_type=\"widget\" data-widget_type=\"button.default\">\n\t\t\t\t<div class=\"elementor-widget-container\">\n\t\t\t\t\t<div class=\"elementor-button-wrapper\">\n\t\t\t<a href=\"http:\/\/amt-lavage.com\/wp-content\/uploads\/2022\/10\/PDF-S11.pdf\" class=\"elementor-button-link elementor-button elementor-size-sm\" role=\"button\">\n\t\t\t\t\t\t<span class=\"elementor-button-content-wrapper\">\n\t\t\t\t\t\t<span class=\"elementor-button-text\">T\u00e9l\u00e9charger la fiche technique<\/span>\n\t\t<\/span>\n\t\t\t\t\t<\/a>\n\t\t<\/div>\n\t\t\t\t<\/div>\n\t\t\t\t<\/div>\n\t\t\t\t\t\t<\/div>\n\t\t\t\t\t<\/div>\n\t\t<\/div>\n\t\t\t\t\t\t\t\t<\/div>\n\t\t\t\t\t<\/div>\n\t\t<\/section>\n\t\t\t\t<section class=\"elementor-section elementor-top-section elementor-element elementor-element-af31770 elementor-section-boxed elementor-section-height-default elementor-section-height-default\" data-id=\"af31770\" data-element_type=\"section\">\n\t\t\t\t\t\t<div class=\"elementor-container elementor-column-gap-default\">\n\t\t\t\t\t\t\t<div class=\"elementor-row\">\n\t\t\t\t\t<div class=\"elementor-column elementor-col-50 elementor-top-column elementor-element elementor-element-9de517d\" data-id=\"9de517d\" data-element_type=\"column\">\n\t\t\t<div class=\"elementor-column-wrap elementor-element-populated\">\n\t\t\t\t\t\t\t<div class=\"elementor-widget-wrap\">\n\t\t\t\t\t\t<div class=\"elementor-element elementor-element-36965a0 elementor-widget elementor-widget-heading\" data-id=\"36965a0\" data-element_type=\"widget\" data-widget_type=\"heading.default\">\n\t\t\t\t<div class=\"elementor-widget-container\">\n\t\t\t<h2 class=\"elementor-heading-title elementor-size-default\">Caract\u00e9ristiques techniques<\/h2>\t\t<\/div>\n\t\t\t\t<\/div>\n\t\t\t\t<div class=\"elementor-element elementor-element-1ec8c96 elementor-widget elementor-widget-text-editor\" data-id=\"1ec8c96\" data-element_type=\"widget\" data-widget_type=\"text-editor.default\">\n\t\t\t\t<div class=\"elementor-widget-container\">\n\t\t\t\t\t\t\t\t<div class=\"elementor-text-editor elementor-clearfix\">\n\t\t\t\t<p><span class=\"s1\"><span class=\"Apple-converted-space\">\u00a0<\/span><\/span><b>Structure<span class=\"Apple-converted-space\">\u00a0<\/span><\/b><\/p><p>\u2022 Ch\u00e2ssis en acier galvanis\u00e9 et verni<span class=\"Apple-converted-space\">\u00a0<\/span><\/p><p>\u2022 Car\u00e9nage en ABS *<span class=\"Apple-converted-space\">\u00a0<\/span><\/p><p>\u2022 Entra\u00eenement du portique direct avec variateur<span class=\"Apple-converted-space\">\u00a0<\/span><\/p><p>\u2022 Rivetage \u00e0 haute r\u00e9sistance de type a\u00e9ronautique<span class=\"Apple-converted-space\">\u00a0<\/span><\/p><p>\u2022 Boulonnerie en acier inox<span class=\"Apple-converted-space\">\u00a0<\/span><\/p><p><b>Brosses verticales<span class=\"Apple-converted-space\">\u00a0<\/span><\/b><\/p><p><span class=\"s2\">\u2022 <\/span>Guide mono-poutrelle en acier galvanis\u00e9<span class=\"Apple-converted-space\">\u00a0<\/span><\/p><p>\u2022 Actionnement \u00e9lectrique<span class=\"Apple-converted-space\">\u00a0<\/span><\/p><p>\u2022 Double brossage \u00e0 l\u2019avant et \u00e0 l\u2019arri\u00e8re du v\u00e9hicule<span class=\"Apple-converted-space\">\u00a0<\/span><\/p><p>\u2022 Double inclinaison et blocage par cylindre<span class=\"Apple-converted-space\">\u00a0<\/span><\/p><p>\u2022 Contr\u00f4le \u00e9lectronique de la puissance<span class=\"Apple-converted-space\">\u00a0<\/span><\/p><p><b>Brosse horizontale<span class=\"Apple-converted-space\">\u00a0<\/span><\/b><\/p><p>\u2022 Soul\u00e8vement \u00e9lectrique par variateur<span class=\"Apple-converted-space\">\u00a0<\/span><\/p><p>\u2022 Contr\u00f4le \u00e9lectronique de la puissance<span class=\"Apple-converted-space\">\u00a0<\/span><\/p><p>\u2022 Guides en acier inox<span class=\"Apple-converted-space\">\u00a0<\/span><\/p>\t\t\t\t\t<\/div>\n\t\t\t\t\t\t<\/div>\n\t\t\t\t<\/div>\n\t\t\t\t\t\t<\/div>\n\t\t\t\t\t<\/div>\n\t\t<\/div>\n\t\t\t\t<div class=\"elementor-column elementor-col-50 elementor-top-column elementor-element elementor-element-34edfe3\" data-id=\"34edfe3\" data-element_type=\"column\">\n\t\t\t<div class=\"elementor-column-wrap elementor-element-populated\">\n\t\t\t\t\t\t\t<div class=\"elementor-widget-wrap\">\n\t\t\t\t\t\t<div class=\"elementor-element elementor-element-6217669 elementor-widget elementor-widget-spacer\" data-id=\"6217669\" data-element_type=\"widget\" data-widget_type=\"spacer.default\">\n\t\t\t\t<div class=\"elementor-widget-container\">\n\t\t\t\t\t<div class=\"elementor-spacer\">\n\t\t\t<div class=\"elementor-spacer-inner\"><\/div>\n\t\t<\/div>\n\t\t\t\t<\/div>\n\t\t\t\t<\/div>\n\t\t\t\t<div class=\"elementor-element elementor-element-9586d18 elementor-widget elementor-widget-text-editor\" data-id=\"9586d18\" data-element_type=\"widget\" data-widget_type=\"text-editor.default\">\n\t\t\t\t<div class=\"elementor-widget-container\">\n\t\t\t\t\t\t\t\t<div class=\"elementor-text-editor elementor-clearfix\">\n\t\t\t\t<p><b>S\u00e9chage<span class=\"Apple-converted-space\">\u00a0<\/span><\/b><\/p><p>\u2022 Lame horizontale en acier inox suivant le profil, orientable dans trois positions<span class=\"Apple-converted-space\">\u00a0<\/span><\/p><p>\u2022 Soul\u00e8vement \u00e9lectrique par variateur<span class=\"Apple-converted-space\">\u00a0<\/span><\/p><p>\u2022 Guides en acier inox<span class=\"Apple-converted-space\">\u00a0<\/span><\/p><p><span class=\"s1\">\u2022 <\/span>S\u00e9chage lat\u00e9ral avec 2 \u00e9lectro ventilateurs \u00e0 lames inclin\u00e9es<span class=\"Apple-converted-space\">\u00a0<\/span><\/p><p><span class=\"s1\">\u2022 <\/span>Syst\u00e8me de s\u00e9curit\u00e9 anti-chute<span class=\"Apple-converted-space\">\u00a0<\/span><\/p><p><b>\u00c9quipement standard<span class=\"Apple-converted-space\">\u00a0<\/span><\/b><\/p><p>\u2022 Installation hydraulique avec \u00e9lectrovannes et rampes sp\u00e9cifiques<span class=\"Apple-converted-space\">\u00a0<\/span><\/p><p>\u2022 Pompe doseuse pour shampooing<span class=\"Apple-converted-space\">\u00a0<\/span><\/p><p>\u2022 Pompe doseuse pour cire<span class=\"Apple-converted-space\">\u00a0<\/span><\/p><p><span class=\"s1\">\u2022 <\/span>2 Alimentations par syst\u00e8me pendulaire mural<span class=\"Apple-converted-space\">\u00a0<\/span><\/p><p>\u2022 Terminal de commande dans bo\u00eetier mural<span class=\"Apple-converted-space\">\u00a0<\/span><\/p><p><span class=\"s1\">\u2022 <\/span>Pr\u00e9disposition Self-Service enti\u00e8rement int\u00e9gr\u00e9e dans l&#8217;\u00e9lectronique de la machine<span class=\"Apple-converted-space\">\u00a0<\/span><\/p><p>* en option<span class=\"Apple-converted-space\">\u00a0<\/span><\/p>\t\t\t\t\t<\/div>\n\t\t\t\t\t\t<\/div>\n\t\t\t\t<\/div>\n\t\t\t\t\t\t<\/div>\n\t\t\t\t\t<\/div>\n\t\t<\/div>\n\t\t\t\t\t\t\t\t<\/div>\n\t\t\t\t\t<\/div>\n\t\t<\/section>\n\t\t\t\t<section class=\"elementor-section elementor-top-section elementor-element elementor-element-53c73af elementor-section-boxed elementor-section-height-default elementor-section-height-default\" data-id=\"53c73af\" data-element_type=\"section\">\n\t\t\t\t\t\t<div class=\"elementor-container elementor-column-gap-default\">\n\t\t\t\t\t\t\t<div class=\"elementor-row\">\n\t\t\t\t\t<div class=\"elementor-column elementor-col-100 elementor-top-column elementor-element elementor-element-5e4ead6\" data-id=\"5e4ead6\" data-element_type=\"column\">\n\t\t\t<div class=\"elementor-column-wrap elementor-element-populated\">\n\t\t\t\t\t\t\t<div class=\"elementor-widget-wrap\">\n\t\t\t\t\t\t<section class=\"elementor-section elementor-inner-section elementor-element elementor-element-192b0a2 elementor-section-boxed elementor-section-height-default elementor-section-height-default\" data-id=\"192b0a2\" data-element_type=\"section\">\n\t\t\t\t\t\t<div class=\"elementor-container elementor-column-gap-default\">\n\t\t\t\t\t\t\t<div class=\"elementor-row\">\n\t\t\t\t\t<div class=\"elementor-column elementor-col-33 elementor-inner-column elementor-element elementor-element-8c622f9\" data-id=\"8c622f9\" data-element_type=\"column\">\n\t\t\t<div class=\"elementor-column-wrap elementor-element-populated\">\n\t\t\t\t\t\t\t<div class=\"elementor-widget-wrap\">\n\t\t\t\t\t\t<div class=\"elementor-element elementor-element-e8a5d4f elementor-view-stacked elementor-shape-circle elementor-mobile-position-top elementor-vertical-align-top elementor-widget elementor-widget-icon-box\" data-id=\"e8a5d4f\" data-element_type=\"widget\" data-widget_type=\"icon-box.default\">\n\t\t\t\t<div class=\"elementor-widget-container\">\n\t\t\t\t\t<div class=\"elementor-icon-box-wrapper\">\n\t\t\t\t\t\t<div class=\"elementor-icon-box-icon\">\n\t\t\t\t<a class=\"elementor-icon elementor-animation-grow\" href=\"http:\/\/amt-lavage.com\/?page_id=338\">\n\t\t\t\t<i aria-hidden=\"true\" class=\"fas fa-location-arrow\"><\/i>\t\t\t\t<\/a>\n\t\t\t<\/div>\n\t\t\t\t\t\t<div class=\"elementor-icon-box-content\">\n\t\t\t\t<h3 class=\"elementor-icon-box-title\">\n\t\t\t\t\t<a href=\"http:\/\/amt-lavage.com\/?page_id=338\" >\n\t\t\t\t\t\tSi\u00e8ge Social\t\t\t\t\t<\/a>\n\t\t\t\t<\/h3>\n\t\t\t\t\t\t\t\t\t<p class=\"elementor-icon-box-description\">\n\t\t\t\t\t\t385 rue Fran\u00e7ois Rabelais \nZI Port L'Ardoise Nord \n30290 Laudun-L'Ardoise\t\t\t\t\t<\/p>\n\t\t\t\t\t\t\t<\/div>\n\t\t<\/div>\n\t\t\t\t<\/div>\n\t\t\t\t<\/div>\n\t\t\t\t\t\t<\/div>\n\t\t\t\t\t<\/div>\n\t\t<\/div>\n\t\t\t\t<div class=\"elementor-column elementor-col-33 elementor-inner-column elementor-element elementor-element-61076e0\" data-id=\"61076e0\" data-element_type=\"column\">\n\t\t\t<div class=\"elementor-column-wrap elementor-element-populated\">\n\t\t\t\t\t\t\t<div class=\"elementor-widget-wrap\">\n\t\t\t\t\t\t<div class=\"elementor-element elementor-element-2725015 elementor-view-stacked elementor-shape-circle elementor-mobile-position-top elementor-vertical-align-top elementor-widget elementor-widget-icon-box\" data-id=\"2725015\" data-element_type=\"widget\" data-widget_type=\"icon-box.default\">\n\t\t\t\t<div class=\"elementor-widget-container\">\n\t\t\t\t\t<div class=\"elementor-icon-box-wrapper\">\n\t\t\t\t\t\t<div class=\"elementor-icon-box-icon\">\n\t\t\t\t<a class=\"elementor-icon elementor-animation-grow\" href=\"http:\/\/amt-lavage.com\/?page_id=338\">\n\t\t\t\t<i class=\"fa fa-phone\" aria-hidden=\"true\"><\/i>\t\t\t\t<\/a>\n\t\t\t<\/div>\n\t\t\t\t\t\t<div class=\"elementor-icon-box-content\">\n\t\t\t\t<h3 class=\"elementor-icon-box-title\">\n\t\t\t\t\t<a href=\"http:\/\/amt-lavage.com\/?page_id=338\" >\n\t\t\t\t\t\tT\u00e9l\u00e9phone\t\t\t\t\t<\/a>\n\t\t\t\t<\/h3>\n\t\t\t\t\t\t\t\t\t<p class=\"elementor-icon-box-description\">\n\t\t\t\t\t\t04 66 82 55 62\t\t\t\t\t<\/p>\n\t\t\t\t\t\t\t<\/div>\n\t\t<\/div>\n\t\t\t\t<\/div>\n\t\t\t\t<\/div>\n\t\t\t\t\t\t<\/div>\n\t\t\t\t\t<\/div>\n\t\t<\/div>\n\t\t\t\t<div class=\"elementor-column elementor-col-33 elementor-inner-column elementor-element elementor-element-950167a\" data-id=\"950167a\" data-element_type=\"column\">\n\t\t\t<div class=\"elementor-column-wrap elementor-element-populated\">\n\t\t\t\t\t\t\t<div class=\"elementor-widget-wrap\">\n\t\t\t\t\t\t<div class=\"elementor-element elementor-element-eaaef4b elementor-view-stacked elementor-shape-circle elementor-mobile-position-top elementor-vertical-align-top elementor-widget elementor-widget-icon-box\" data-id=\"eaaef4b\" data-element_type=\"widget\" data-widget_type=\"icon-box.default\">\n\t\t\t\t<div class=\"elementor-widget-container\">\n\t\t\t\t\t<div class=\"elementor-icon-box-wrapper\">\n\t\t\t\t\t\t<div class=\"elementor-icon-box-icon\">\n\t\t\t\t<a class=\"elementor-icon elementor-animation-grow\" href=\"http:\/\/amt-lavage.com\/?page_id=338\">\n\t\t\t\t<i class=\"fa fa-envelope-o\" aria-hidden=\"true\"><\/i>\t\t\t\t<\/a>\n\t\t\t<\/div>\n\t\t\t\t\t\t<div class=\"elementor-icon-box-content\">\n\t\t\t\t<h3 class=\"elementor-icon-box-title\">\n\t\t\t\t\t<a href=\"http:\/\/amt-lavage.com\/?page_id=338\" >\n\t\t\t\t\t\tEmail\t\t\t\t\t<\/a>\n\t\t\t\t<\/h3>\n\t\t\t\t\t\t\t\t\t<p class=\"elementor-icon-box-description\">\n\t\t\t\t\t\tcontact@amt-lavage.fr\t\t\t\t\t<\/p>\n\t\t\t\t\t\t\t<\/div>\n\t\t<\/div>\n\t\t\t\t<\/div>\n\t\t\t\t<\/div>\n\t\t\t\t\t\t<\/div>\n\t\t\t\t\t<\/div>\n\t\t<\/div>\n\t\t\t\t\t\t\t\t<\/div>\n\t\t\t\t\t<\/div>\n\t\t<\/section>\n\t\t\t\t\t\t<\/div>\n\t\t\t\t\t<\/div>\n\t\t<\/div>\n\t\t\t\t\t\t\t\t<\/div>\n\t\t\t\t\t<\/div>\n\t\t<\/section>\n\t\t\t\t\t\t\t\t\t<\/div>\n\t\t\t<\/div>\n\t\t\t\t\t<\/div>\n\t\t","protected":false},"excerpt":{"rendered":"<p>Portique de lavage automobile Technologie avanc\u00e9e pour un succ\u00e8s et un fiabilit\u00e9 durable T\u00e9l\u00e9charger la fiche technique Caract\u00e9ristiques techniques \u00a0Structure\u00a0 \u2022 Ch\u00e2ssis en acier galvanis\u00e9 et verni\u00a0 \u2022 Car\u00e9nage en ABS *\u00a0 \u2022 Entra\u00eenement du portique direct avec variateur\u00a0 \u2022 Rivetage \u00e0 haute r\u00e9sistance de type a\u00e9ronautique\u00a0 \u2022 Boulonnerie en acier inox\u00a0 Brosses verticales\u00a0 \u2022&hellip; <br \/> <a class=\"read-more\" href=\"http:\/\/amt-lavage.com\/?page_id=608\">Read more<\/a><\/p>\n","protected":false},"author":1,"featured_media":0,"parent":0,"menu_order":0,"comment_status":"closed","ping_status":"closed","template":"","meta":{"footnotes":""},"class_list":["post-608","page","type-page","status-publish","hentry"],"_links":{"self":[{"href":"http:\/\/amt-lavage.com\/index.php?rest_route=\/wp\/v2\/pages\/608","targetHints":{"allow":["GET"]}}],"collection":[{"href":"http:\/\/amt-lavage.com\/index.php?rest_route=\/wp\/v2\/pages"}],"about":[{"href":"http:\/\/amt-lavage.com\/index.php?rest_route=\/wp\/v2\/types\/page"}],"author":[{"embeddable":true,"href":"http:\/\/amt-lavage.com\/index.php?rest_route=\/wp\/v2\/users\/1"}],"replies":[{"embeddable":true,"href":"http:\/\/amt-lavage.com\/index.php?rest_route=%2Fwp%2Fv2%2Fcomments&post=608"}],"version-history":[{"count":4,"href":"http:\/\/amt-lavage.com\/index.php?rest_route=\/wp\/v2\/pages\/608\/revisions"}],"predecessor-version":[{"id":613,"href":"http:\/\/amt-lavage.com\/index.php?rest_route=\/wp\/v2\/pages\/608\/revisions\/613"}],"wp:attachment":[{"href":"http:\/\/amt-lavage.com\/index.php?rest_route=%2Fwp%2Fv2%2Fmedia&parent=608"}],"curies":[{"name":"wp","href":"https:\/\/api.w.org\/{rel}","templated":true}]}}