{"id":462,"date":"2022-10-11T15:19:40","date_gmt":"2022-10-11T13:19:40","guid":{"rendered":"http:\/\/amt-lavage.com\/?page_id=462"},"modified":"2022-10-14T16:39:52","modified_gmt":"2022-10-14T14:39:52","slug":"startruck","status":"publish","type":"page","link":"http:\/\/amt-lavage.com\/?page_id=462","title":{"rendered":"Startruck"},"content":{"rendered":"\t\t<div data-elementor-type=\"wp-page\" data-elementor-id=\"462\" class=\"elementor elementor-462\">\n\t\t\t\t\t\t<div class=\"elementor-inner\">\n\t\t\t\t<div class=\"elementor-section-wrap\">\n\t\t\t\t\t\t\t\t\t<section class=\"elementor-section elementor-top-section elementor-element elementor-element-37c6a37 elementor-section-boxed elementor-section-height-default elementor-section-height-default\" data-id=\"37c6a37\" data-element_type=\"section\">\n\t\t\t\t\t\t<div class=\"elementor-container elementor-column-gap-default\">\n\t\t\t\t\t\t\t<div class=\"elementor-row\">\n\t\t\t\t\t<div class=\"elementor-column elementor-col-50 elementor-top-column elementor-element elementor-element-914c77b\" data-id=\"914c77b\" data-element_type=\"column\">\n\t\t\t<div class=\"elementor-column-wrap elementor-element-populated\">\n\t\t\t\t\t\t\t<div class=\"elementor-widget-wrap\">\n\t\t\t\t\t\t<div class=\"elementor-element elementor-element-048c034 elementor-widget elementor-widget-image\" data-id=\"048c034\" data-element_type=\"widget\" data-widget_type=\"image.default\">\n\t\t\t\t<div class=\"elementor-widget-container\">\n\t\t\t\t\t\t\t\t<div class=\"elementor-image\">\n\t\t\t\t\t\t\t\t\t\t\t\t<img loading=\"lazy\" decoding=\"async\" width=\"1452\" height=\"1406\" src=\"http:\/\/amt-lavage.com\/wp-content\/uploads\/2022\/10\/Sans-titre-110.jpg\" class=\"attachment-full size-full\" alt=\"\" srcset=\"http:\/\/amt-lavage.com\/wp-content\/uploads\/2022\/10\/Sans-titre-110.jpg 1452w, http:\/\/amt-lavage.com\/wp-content\/uploads\/2022\/10\/Sans-titre-110-300x290.jpg 300w, http:\/\/amt-lavage.com\/wp-content\/uploads\/2022\/10\/Sans-titre-110-1024x992.jpg 1024w, http:\/\/amt-lavage.com\/wp-content\/uploads\/2022\/10\/Sans-titre-110-768x744.jpg 768w, http:\/\/amt-lavage.com\/wp-content\/uploads\/2022\/10\/Sans-titre-110-1115x1080.jpg 1115w\" sizes=\"auto, (max-width: 1452px) 100vw, 1452px\" \/>\t\t\t\t\t\t\t\t\t\t\t\t\t\t<\/div>\n\t\t\t\t\t\t<\/div>\n\t\t\t\t<\/div>\n\t\t\t\t\t\t<\/div>\n\t\t\t\t\t<\/div>\n\t\t<\/div>\n\t\t\t\t<div class=\"elementor-column elementor-col-50 elementor-top-column elementor-element elementor-element-f09ceec\" data-id=\"f09ceec\" data-element_type=\"column\">\n\t\t\t<div class=\"elementor-column-wrap elementor-element-populated\">\n\t\t\t\t\t\t\t<div class=\"elementor-widget-wrap\">\n\t\t\t\t\t\t<div class=\"elementor-element elementor-element-854e70e elementor-widget elementor-widget-image\" data-id=\"854e70e\" data-element_type=\"widget\" data-widget_type=\"image.default\">\n\t\t\t\t<div class=\"elementor-widget-container\">\n\t\t\t\t\t\t\t\t<div class=\"elementor-image\">\n\t\t\t\t\t\t\t\t\t\t\t\t<img loading=\"lazy\" decoding=\"async\" width=\"319\" height=\"42\" src=\"http:\/\/amt-lavage.com\/wp-content\/uploads\/2022\/10\/Stargate-S7-nom.jpg\" class=\"attachment-large size-large\" alt=\"\" srcset=\"http:\/\/amt-lavage.com\/wp-content\/uploads\/2022\/10\/Stargate-S7-nom.jpg 319w, http:\/\/amt-lavage.com\/wp-content\/uploads\/2022\/10\/Stargate-S7-nom-300x39.jpg 300w\" sizes=\"auto, (max-width: 319px) 100vw, 319px\" \/>\t\t\t\t\t\t\t\t\t\t\t\t\t\t<\/div>\n\t\t\t\t\t\t<\/div>\n\t\t\t\t<\/div>\n\t\t\t\t<div class=\"elementor-element elementor-element-ce85a57 elementor-widget elementor-widget-spacer\" data-id=\"ce85a57\" data-element_type=\"widget\" data-widget_type=\"spacer.default\">\n\t\t\t\t<div class=\"elementor-widget-container\">\n\t\t\t\t\t<div class=\"elementor-spacer\">\n\t\t\t<div class=\"elementor-spacer-inner\"><\/div>\n\t\t<\/div>\n\t\t\t\t<\/div>\n\t\t\t\t<\/div>\n\t\t\t\t<div class=\"elementor-element elementor-element-13b3f2b elementor-widget elementor-widget-heading\" data-id=\"13b3f2b\" data-element_type=\"widget\" data-widget_type=\"heading.default\">\n\t\t\t\t<div class=\"elementor-widget-container\">\n\t\t\t<h2 class=\"elementor-heading-title elementor-size-default\">Portique de lavage poids lourd<\/h2>\t\t<\/div>\n\t\t\t\t<\/div>\n\t\t\t\t<div class=\"elementor-element elementor-element-dd2c520 elementor-widget elementor-widget-text-editor\" data-id=\"dd2c520\" data-element_type=\"widget\" data-widget_type=\"text-editor.default\">\n\t\t\t\t<div class=\"elementor-widget-container\">\n\t\t\t\t\t\t\t\t<div class=\"elementor-text-editor elementor-clearfix\">\n\t\t\t\t<p>Technologie avanc\u00e9e pour un succ\u00e8s et un fiabilit\u00e9 durable<\/p>\t\t\t\t\t<\/div>\n\t\t\t\t\t\t<\/div>\n\t\t\t\t<\/div>\n\t\t\t\t<div class=\"elementor-element elementor-element-d2bed63 elementor-widget elementor-widget-spacer\" data-id=\"d2bed63\" data-element_type=\"widget\" data-widget_type=\"spacer.default\">\n\t\t\t\t<div class=\"elementor-widget-container\">\n\t\t\t\t\t<div class=\"elementor-spacer\">\n\t\t\t<div class=\"elementor-spacer-inner\"><\/div>\n\t\t<\/div>\n\t\t\t\t<\/div>\n\t\t\t\t<\/div>\n\t\t\t\t<div class=\"elementor-element elementor-element-6914d2c elementor-align-center elementor-widget elementor-widget-button\" data-id=\"6914d2c\" data-element_type=\"widget\" data-widget_type=\"button.default\">\n\t\t\t\t<div class=\"elementor-widget-container\">\n\t\t\t\t\t<div class=\"elementor-button-wrapper\">\n\t\t\t<a href=\"http:\/\/amt-lavage.com\/wp-content\/uploads\/2022\/10\/PDF-STARTRUCK.pdf\" class=\"elementor-button-link elementor-button elementor-size-sm\" role=\"button\">\n\t\t\t\t\t\t<span class=\"elementor-button-content-wrapper\">\n\t\t\t\t\t\t<span class=\"elementor-button-text\">T\u00e9l\u00e9charger la fiche technique<\/span>\n\t\t<\/span>\n\t\t\t\t\t<\/a>\n\t\t<\/div>\n\t\t\t\t<\/div>\n\t\t\t\t<\/div>\n\t\t\t\t\t\t<\/div>\n\t\t\t\t\t<\/div>\n\t\t<\/div>\n\t\t\t\t\t\t\t\t<\/div>\n\t\t\t\t\t<\/div>\n\t\t<\/section>\n\t\t\t\t<section class=\"elementor-section elementor-top-section elementor-element elementor-element-34f9dad elementor-section-boxed elementor-section-height-default elementor-section-height-default\" data-id=\"34f9dad\" data-element_type=\"section\">\n\t\t\t\t\t\t<div class=\"elementor-container elementor-column-gap-default\">\n\t\t\t\t\t\t\t<div class=\"elementor-row\">\n\t\t\t\t\t<div class=\"elementor-column elementor-col-50 elementor-top-column elementor-element elementor-element-19f1e63\" data-id=\"19f1e63\" data-element_type=\"column\">\n\t\t\t<div class=\"elementor-column-wrap elementor-element-populated\">\n\t\t\t\t\t\t\t<div class=\"elementor-widget-wrap\">\n\t\t\t\t\t\t<div class=\"elementor-element elementor-element-099ed44 elementor-widget elementor-widget-heading\" data-id=\"099ed44\" data-element_type=\"widget\" data-widget_type=\"heading.default\">\n\t\t\t\t<div class=\"elementor-widget-container\">\n\t\t\t<h2 class=\"elementor-heading-title elementor-size-default\">Caract\u00e9ristiques techniques<\/h2>\t\t<\/div>\n\t\t\t\t<\/div>\n\t\t\t\t<div class=\"elementor-element elementor-element-799dfcd elementor-widget elementor-widget-text-editor\" data-id=\"799dfcd\" data-element_type=\"widget\" data-widget_type=\"text-editor.default\">\n\t\t\t\t<div class=\"elementor-widget-container\">\n\t\t\t\t\t\t\t\t<div class=\"elementor-text-editor elementor-clearfix\">\n\t\t\t\t<p class=\"p2\"><span class=\"s1\"><span class=\"Apple-converted-space\">\u00a0<\/span><\/span><b>Technologie Startruck<span class=\"Apple-converted-space\">\u00a0<\/span><\/b><\/p><p class=\"p3\">Structure portante en tubes et t\u00f4le d\u2019acier, galvanis\u00e9e \u00e0 chaud, compos\u00e9e de quatre colonnes fix\u00e9es dans la partie inf\u00e9rieure aux pieds du portique, et li\u00e9es dans la partie sup\u00e9rieure par des traverses sur lesquelles on fixe le syst\u00e8me des chariots des brosses verticales. Armoire pour cadre \u00e9lectrique et armoire pour groupes hydropneumatiques et produits chimiques r\u00e9alis\u00e9s en fibre de verre avec un design moderne et fonctionnel. Motor\u00e9ducteurs, \u00e9tanche en alliage sp\u00e9ciale anticorrosion. Diff\u00e9rentes possibilit\u00e9s de programmation pour permettre le lavage en automatique de : camions, trains routiers, bus, camionnettes, voitures, avec possibilit\u00e9 de gestion sp\u00e9ciale pour diff\u00e9rents types de r\u00e9troviseurs, spoilers, plateformes avec rebords, remorques, crochets d\u2019attelage, hayons \u00e9l\u00e9vateurs post\u00e9rieurs, etc. Double brossage \u00e0 l\u2019avant et \u00e0 l\u2019arri\u00e8re du v\u00e9hicule. Distribution de jusqu\u2019\u00e0 quatre produits chimiques diff\u00e9rents. \u00c9cran \u00e0 couleurs de 7\u201d pour la gestion totale des programmes et des r\u00e9glages, avec des boutons antieffraction pour un choix de programmes simple et imm\u00e9diat.<span class=\"Apple-converted-space\">\u00a0<\/span><\/p>\t\t\t\t\t<\/div>\n\t\t\t\t\t\t<\/div>\n\t\t\t\t<\/div>\n\t\t\t\t\t\t<\/div>\n\t\t\t\t\t<\/div>\n\t\t<\/div>\n\t\t\t\t<div class=\"elementor-column elementor-col-50 elementor-top-column elementor-element elementor-element-064076e\" data-id=\"064076e\" data-element_type=\"column\">\n\t\t\t<div class=\"elementor-column-wrap elementor-element-populated\">\n\t\t\t\t\t\t\t<div class=\"elementor-widget-wrap\">\n\t\t\t\t\t\t<div class=\"elementor-element elementor-element-80a72ff elementor-widget elementor-widget-spacer\" data-id=\"80a72ff\" data-element_type=\"widget\" data-widget_type=\"spacer.default\">\n\t\t\t\t<div class=\"elementor-widget-container\">\n\t\t\t\t\t<div class=\"elementor-spacer\">\n\t\t\t<div class=\"elementor-spacer-inner\"><\/div>\n\t\t<\/div>\n\t\t\t\t<\/div>\n\t\t\t\t<\/div>\n\t\t\t\t<div class=\"elementor-element elementor-element-40bf138 elementor-widget elementor-widget-text-editor\" data-id=\"40bf138\" data-element_type=\"widget\" data-widget_type=\"text-editor.default\">\n\t\t\t\t<div class=\"elementor-widget-container\">\n\t\t\t\t\t\t\t\t<div class=\"elementor-text-editor elementor-clearfix\">\n\t\t\t\t<p><b>Structure<span class=\"Apple-converted-space\">\u00a0<\/span><\/b><\/p><p>\u2022 Ch\u00e2ssis en acier galvanis\u00e9 \u00e0 chaud<span class=\"Apple-converted-space\">\u00a0<\/span><\/p><p>\u2022 Entra\u00eenement du portique direct par convertisseur de fr\u00e9quence<span class=\"Apple-converted-space\">\u00a0<\/span><\/p><p>\u2022 Boulonnerie en acier inox<span class=\"Apple-converted-space\">\u00a0<\/span><\/p><p><b>Brosses verticales<span class=\"Apple-converted-space\">\u00a0<\/span><\/b><\/p><p><span class=\"s1\">\u2022 <\/span>Guide quadri poutre en acier galvanis\u00e9 \u00e0 chaud<span class=\"Apple-converted-space\">\u00a0<\/span><\/p><p>\u2022 Contr\u00f4le \u00e9lectronique de la puissance<span class=\"Apple-converted-space\">\u00a0<\/span><\/p><p>\u2022 Mouvement \u00e9lectrique avec courroie crant\u00e9e<span class=\"Apple-converted-space\">\u00a0<\/span><\/p><p>\u2022 Double brossage \u00e0 l\u2019avant et \u00e0 l\u2019arri\u00e8re<span class=\"Apple-converted-space\">\u00a0<\/span><\/p><p><span class=\"s1\">\u2022 <\/span>Dispositifs de s\u00e9curit\u00e9 pour exc\u00e8s de pression des brosses<span class=\"Apple-converted-space\">\u00a0<\/span><\/p><p><b>Brosse horizontale<span class=\"Apple-converted-space\">\u00a0<\/span><\/b><\/p><p>\u2022 Soul\u00e8vement \u00e9lectrique par convertisseur de fr\u00e9quence<span class=\"Apple-converted-space\">\u00a0<\/span><\/p><p>\u2022 Contr\u00f4le \u00e9lectronique de la puissance<span class=\"Apple-converted-space\">\u00a0<\/span><\/p><p>\u2022 Guides en acier galvanis\u00e9 \u00e0 chaud<span class=\"Apple-converted-space\">\u00a0<\/span><\/p><p>\u2022 Double courroie de soul\u00e8vement avec capteurs de s\u00e9curit\u00e9<span class=\"Apple-converted-space\">\u00a0<\/span><\/p><p><b>Pr\u00e9lavage moyenne pression et haut d\u00e9bit<span class=\"Apple-converted-space\">\u00a0<\/span><\/b><\/p><p>\u2022 Moyenne pression lat\u00e9rale inf\u00e9rieure *<span class=\"Apple-converted-space\">\u00a0<\/span><\/p><p>\u2022 Moyenne pression lat\u00e9rale *<span class=\"Apple-converted-space\">\u00a0<\/span><\/p><p>\u2022 Moyenne pression lat\u00e9rale avec t\u00e8tes rotatives *<span class=\"Apple-converted-space\">\u00a0<\/span><\/p><p><b>\u00c9quipement standard<span class=\"Apple-converted-space\">\u00a0<\/span><\/b><\/p><p><span class=\"s1\">\u2022 <\/span>Syst\u00e8me d\u2019eau avec \u00e9lectrovannes et tuyauteries d\u00e9di\u00e9es<span class=\"Apple-converted-space\">\u00a0<\/span><\/p><p>\u2022 Pompe doseuse pour shampooing<span class=\"Apple-converted-space\">\u00a0<\/span><\/p><p><span class=\"s1\">\u2022 <\/span>Terminal de contr\u00f4le et commande dans bo\u00eetier mural, avec clavier num\u00e9rique et affichage en couleurs<span class=\"Apple-converted-space\">\u00a0<\/span><\/p><p>* En option<span class=\"Apple-converted-space\">\u00a0<\/span><\/p>\t\t\t\t\t<\/div>\n\t\t\t\t\t\t<\/div>\n\t\t\t\t<\/div>\n\t\t\t\t\t\t<\/div>\n\t\t\t\t\t<\/div>\n\t\t<\/div>\n\t\t\t\t\t\t\t\t<\/div>\n\t\t\t\t\t<\/div>\n\t\t<\/section>\n\t\t\t\t<section class=\"elementor-section elementor-top-section elementor-element elementor-element-405aa5e elementor-section-boxed elementor-section-height-default elementor-section-height-default\" data-id=\"405aa5e\" data-element_type=\"section\">\n\t\t\t\t\t\t<div class=\"elementor-container elementor-column-gap-default\">\n\t\t\t\t\t\t\t<div class=\"elementor-row\">\n\t\t\t\t\t<div class=\"elementor-column elementor-col-100 elementor-top-column elementor-element elementor-element-f575948\" data-id=\"f575948\" data-element_type=\"column\">\n\t\t\t<div class=\"elementor-column-wrap elementor-element-populated\">\n\t\t\t\t\t\t\t<div class=\"elementor-widget-wrap\">\n\t\t\t\t\t\t<section class=\"elementor-section elementor-inner-section elementor-element elementor-element-9822ee5 elementor-section-boxed elementor-section-height-default elementor-section-height-default\" data-id=\"9822ee5\" data-element_type=\"section\">\n\t\t\t\t\t\t<div class=\"elementor-container elementor-column-gap-default\">\n\t\t\t\t\t\t\t<div class=\"elementor-row\">\n\t\t\t\t\t<div class=\"elementor-column elementor-col-33 elementor-inner-column elementor-element elementor-element-4dbf9c4\" data-id=\"4dbf9c4\" data-element_type=\"column\">\n\t\t\t<div class=\"elementor-column-wrap elementor-element-populated\">\n\t\t\t\t\t\t\t<div class=\"elementor-widget-wrap\">\n\t\t\t\t\t\t<div class=\"elementor-element elementor-element-72a90f4 elementor-view-stacked elementor-shape-circle elementor-mobile-position-top elementor-vertical-align-top elementor-widget elementor-widget-icon-box\" data-id=\"72a90f4\" data-element_type=\"widget\" data-widget_type=\"icon-box.default\">\n\t\t\t\t<div class=\"elementor-widget-container\">\n\t\t\t\t\t<div class=\"elementor-icon-box-wrapper\">\n\t\t\t\t\t\t<div class=\"elementor-icon-box-icon\">\n\t\t\t\t<a class=\"elementor-icon elementor-animation-grow\" href=\"http:\/\/amt-lavage.com\/?page_id=338\">\n\t\t\t\t<i aria-hidden=\"true\" class=\"fas fa-location-arrow\"><\/i>\t\t\t\t<\/a>\n\t\t\t<\/div>\n\t\t\t\t\t\t<div class=\"elementor-icon-box-content\">\n\t\t\t\t<h3 class=\"elementor-icon-box-title\">\n\t\t\t\t\t<a href=\"http:\/\/amt-lavage.com\/?page_id=338\" >\n\t\t\t\t\t\tSi\u00e8ge Social\t\t\t\t\t<\/a>\n\t\t\t\t<\/h3>\n\t\t\t\t\t\t\t\t\t<p class=\"elementor-icon-box-description\">\n\t\t\t\t\t\t385 rue Fran\u00e7ois Rabelais \nZI Port L'Ardoise Nord \n30290 Laudun-L'Ardoise\t\t\t\t\t<\/p>\n\t\t\t\t\t\t\t<\/div>\n\t\t<\/div>\n\t\t\t\t<\/div>\n\t\t\t\t<\/div>\n\t\t\t\t\t\t<\/div>\n\t\t\t\t\t<\/div>\n\t\t<\/div>\n\t\t\t\t<div class=\"elementor-column elementor-col-33 elementor-inner-column elementor-element elementor-element-41e14cf\" data-id=\"41e14cf\" data-element_type=\"column\">\n\t\t\t<div class=\"elementor-column-wrap elementor-element-populated\">\n\t\t\t\t\t\t\t<div class=\"elementor-widget-wrap\">\n\t\t\t\t\t\t<div class=\"elementor-element elementor-element-f3dda58 elementor-view-stacked elementor-shape-circle elementor-mobile-position-top elementor-vertical-align-top elementor-widget elementor-widget-icon-box\" data-id=\"f3dda58\" data-element_type=\"widget\" data-widget_type=\"icon-box.default\">\n\t\t\t\t<div class=\"elementor-widget-container\">\n\t\t\t\t\t<div class=\"elementor-icon-box-wrapper\">\n\t\t\t\t\t\t<div class=\"elementor-icon-box-icon\">\n\t\t\t\t<a class=\"elementor-icon elementor-animation-grow\" href=\"http:\/\/amt-lavage.com\/?page_id=338\">\n\t\t\t\t<i class=\"fa fa-phone\" aria-hidden=\"true\"><\/i>\t\t\t\t<\/a>\n\t\t\t<\/div>\n\t\t\t\t\t\t<div class=\"elementor-icon-box-content\">\n\t\t\t\t<h3 class=\"elementor-icon-box-title\">\n\t\t\t\t\t<a href=\"http:\/\/amt-lavage.com\/?page_id=338\" >\n\t\t\t\t\t\tT\u00e9l\u00e9phone\t\t\t\t\t<\/a>\n\t\t\t\t<\/h3>\n\t\t\t\t\t\t\t\t\t<p class=\"elementor-icon-box-description\">\n\t\t\t\t\t\t04 66 82 55 62\t\t\t\t\t<\/p>\n\t\t\t\t\t\t\t<\/div>\n\t\t<\/div>\n\t\t\t\t<\/div>\n\t\t\t\t<\/div>\n\t\t\t\t\t\t<\/div>\n\t\t\t\t\t<\/div>\n\t\t<\/div>\n\t\t\t\t<div class=\"elementor-column elementor-col-33 elementor-inner-column elementor-element elementor-element-f9dd2c9\" data-id=\"f9dd2c9\" data-element_type=\"column\">\n\t\t\t<div class=\"elementor-column-wrap elementor-element-populated\">\n\t\t\t\t\t\t\t<div class=\"elementor-widget-wrap\">\n\t\t\t\t\t\t<div class=\"elementor-element elementor-element-6b8bc0c elementor-view-stacked elementor-shape-circle elementor-mobile-position-top elementor-vertical-align-top elementor-widget elementor-widget-icon-box\" data-id=\"6b8bc0c\" data-element_type=\"widget\" data-widget_type=\"icon-box.default\">\n\t\t\t\t<div class=\"elementor-widget-container\">\n\t\t\t\t\t<div class=\"elementor-icon-box-wrapper\">\n\t\t\t\t\t\t<div class=\"elementor-icon-box-icon\">\n\t\t\t\t<a class=\"elementor-icon elementor-animation-grow\" href=\"http:\/\/amt-lavage.com\/?page_id=338\">\n\t\t\t\t<i class=\"fa fa-envelope-o\" aria-hidden=\"true\"><\/i>\t\t\t\t<\/a>\n\t\t\t<\/div>\n\t\t\t\t\t\t<div class=\"elementor-icon-box-content\">\n\t\t\t\t<h3 class=\"elementor-icon-box-title\">\n\t\t\t\t\t<a href=\"http:\/\/amt-lavage.com\/?page_id=338\" >\n\t\t\t\t\t\tEmail\t\t\t\t\t<\/a>\n\t\t\t\t<\/h3>\n\t\t\t\t\t\t\t\t\t<p class=\"elementor-icon-box-description\">\n\t\t\t\t\t\tcontact@amt-lavage.fr\t\t\t\t\t<\/p>\n\t\t\t\t\t\t\t<\/div>\n\t\t<\/div>\n\t\t\t\t<\/div>\n\t\t\t\t<\/div>\n\t\t\t\t\t\t<\/div>\n\t\t\t\t\t<\/div>\n\t\t<\/div>\n\t\t\t\t\t\t\t\t<\/div>\n\t\t\t\t\t<\/div>\n\t\t<\/section>\n\t\t\t\t\t\t<\/div>\n\t\t\t\t\t<\/div>\n\t\t<\/div>\n\t\t\t\t\t\t\t\t<\/div>\n\t\t\t\t\t<\/div>\n\t\t<\/section>\n\t\t\t\t\t\t\t\t\t<\/div>\n\t\t\t<\/div>\n\t\t\t\t\t<\/div>\n\t\t","protected":false},"excerpt":{"rendered":"<p>Portique de lavage poids lourd Technologie avanc\u00e9e pour un succ\u00e8s et un fiabilit\u00e9 durable T\u00e9l\u00e9charger la fiche technique Caract\u00e9ristiques techniques \u00a0Technologie Startruck\u00a0 Structure portante en tubes et t\u00f4le d\u2019acier, galvanis\u00e9e \u00e0 chaud, compos\u00e9e de quatre colonnes fix\u00e9es dans la partie inf\u00e9rieure aux pieds du portique, et li\u00e9es dans la partie sup\u00e9rieure par des traverses sur&hellip; <br \/> <a class=\"read-more\" href=\"http:\/\/amt-lavage.com\/?page_id=462\">Read more<\/a><\/p>\n","protected":false},"author":1,"featured_media":0,"parent":0,"menu_order":0,"comment_status":"closed","ping_status":"closed","template":"","meta":{"footnotes":""},"class_list":["post-462","page","type-page","status-publish","hentry"],"_links":{"self":[{"href":"http:\/\/amt-lavage.com\/index.php?rest_route=\/wp\/v2\/pages\/462","targetHints":{"allow":["GET"]}}],"collection":[{"href":"http:\/\/amt-lavage.com\/index.php?rest_route=\/wp\/v2\/pages"}],"about":[{"href":"http:\/\/amt-lavage.com\/index.php?rest_route=\/wp\/v2\/types\/page"}],"author":[{"embeddable":true,"href":"http:\/\/amt-lavage.com\/index.php?rest_route=\/wp\/v2\/users\/1"}],"replies":[{"embeddable":true,"href":"http:\/\/amt-lavage.com\/index.php?rest_route=%2Fwp%2Fv2%2Fcomments&post=462"}],"version-history":[{"count":4,"href":"http:\/\/amt-lavage.com\/index.php?rest_route=\/wp\/v2\/pages\/462\/revisions"}],"predecessor-version":[{"id":628,"href":"http:\/\/amt-lavage.com\/index.php?rest_route=\/wp\/v2\/pages\/462\/revisions\/628"}],"wp:attachment":[{"href":"http:\/\/amt-lavage.com\/index.php?rest_route=%2Fwp%2Fv2%2Fmedia&parent=462"}],"curies":[{"name":"wp","href":"https:\/\/api.w.org\/{rel}","templated":true}]}}