{"id":454,"date":"2022-10-11T15:18:50","date_gmt":"2022-10-11T13:18:50","guid":{"rendered":"http:\/\/amt-lavage.com\/?page_id=454"},"modified":"2022-10-14T16:14:08","modified_gmt":"2022-10-14T14:14:08","slug":"stargate-8","status":"publish","type":"page","link":"http:\/\/amt-lavage.com\/?page_id=454","title":{"rendered":"Stargate S8"},"content":{"rendered":"\t\t<div data-elementor-type=\"wp-page\" data-elementor-id=\"454\" class=\"elementor elementor-454\">\n\t\t\t\t\t\t<div class=\"elementor-inner\">\n\t\t\t\t<div class=\"elementor-section-wrap\">\n\t\t\t\t\t\t\t\t\t<section class=\"elementor-section elementor-top-section elementor-element elementor-element-43b9acf elementor-section-boxed elementor-section-height-default elementor-section-height-default\" data-id=\"43b9acf\" data-element_type=\"section\">\n\t\t\t\t\t\t<div class=\"elementor-container elementor-column-gap-default\">\n\t\t\t\t\t\t\t<div class=\"elementor-row\">\n\t\t\t\t\t<div class=\"elementor-column elementor-col-50 elementor-top-column elementor-element elementor-element-813e2c7\" data-id=\"813e2c7\" data-element_type=\"column\">\n\t\t\t<div class=\"elementor-column-wrap elementor-element-populated\">\n\t\t\t\t\t\t\t<div class=\"elementor-widget-wrap\">\n\t\t\t\t\t\t<div class=\"elementor-element elementor-element-f6dc446 elementor-widget elementor-widget-image\" data-id=\"f6dc446\" data-element_type=\"widget\" data-widget_type=\"image.default\">\n\t\t\t\t<div class=\"elementor-widget-container\">\n\t\t\t\t\t\t\t\t<div class=\"elementor-image\">\n\t\t\t\t\t\t\t\t\t\t\t\t<img loading=\"lazy\" decoding=\"async\" width=\"1452\" height=\"1406\" src=\"http:\/\/amt-lavage.com\/wp-content\/uploads\/2022\/10\/Sans-titre-14.jpg\" class=\"attachment-full size-full\" alt=\"\" srcset=\"http:\/\/amt-lavage.com\/wp-content\/uploads\/2022\/10\/Sans-titre-14.jpg 1452w, http:\/\/amt-lavage.com\/wp-content\/uploads\/2022\/10\/Sans-titre-14-300x290.jpg 300w, http:\/\/amt-lavage.com\/wp-content\/uploads\/2022\/10\/Sans-titre-14-1024x992.jpg 1024w, http:\/\/amt-lavage.com\/wp-content\/uploads\/2022\/10\/Sans-titre-14-768x744.jpg 768w, http:\/\/amt-lavage.com\/wp-content\/uploads\/2022\/10\/Sans-titre-14-1115x1080.jpg 1115w\" sizes=\"auto, (max-width: 1452px) 100vw, 1452px\" \/>\t\t\t\t\t\t\t\t\t\t\t\t\t\t<\/div>\n\t\t\t\t\t\t<\/div>\n\t\t\t\t<\/div>\n\t\t\t\t\t\t<\/div>\n\t\t\t\t\t<\/div>\n\t\t<\/div>\n\t\t\t\t<div class=\"elementor-column elementor-col-50 elementor-top-column elementor-element elementor-element-69d3d83\" data-id=\"69d3d83\" data-element_type=\"column\">\n\t\t\t<div class=\"elementor-column-wrap elementor-element-populated\">\n\t\t\t\t\t\t\t<div class=\"elementor-widget-wrap\">\n\t\t\t\t\t\t<div class=\"elementor-element elementor-element-e417f4f elementor-widget elementor-widget-image\" data-id=\"e417f4f\" data-element_type=\"widget\" data-widget_type=\"image.default\">\n\t\t\t\t<div class=\"elementor-widget-container\">\n\t\t\t\t\t\t\t\t<div class=\"elementor-image\">\n\t\t\t\t\t\t\t\t\t\t\t\t<img loading=\"lazy\" decoding=\"async\" width=\"467\" height=\"82\" src=\"http:\/\/amt-lavage.com\/wp-content\/uploads\/2022\/10\/Capture-de\u0301cran-2022-10-14-a\u0300-16.12.16.png\" class=\"attachment-large size-large\" alt=\"\" srcset=\"http:\/\/amt-lavage.com\/wp-content\/uploads\/2022\/10\/Capture-de\u0301cran-2022-10-14-a\u0300-16.12.16.png 467w, http:\/\/amt-lavage.com\/wp-content\/uploads\/2022\/10\/Capture-de\u0301cran-2022-10-14-a\u0300-16.12.16-300x53.png 300w\" sizes=\"auto, (max-width: 467px) 100vw, 467px\" \/>\t\t\t\t\t\t\t\t\t\t\t\t\t\t<\/div>\n\t\t\t\t\t\t<\/div>\n\t\t\t\t<\/div>\n\t\t\t\t<div class=\"elementor-element elementor-element-8aa53c0 elementor-widget elementor-widget-spacer\" data-id=\"8aa53c0\" data-element_type=\"widget\" data-widget_type=\"spacer.default\">\n\t\t\t\t<div class=\"elementor-widget-container\">\n\t\t\t\t\t<div class=\"elementor-spacer\">\n\t\t\t<div class=\"elementor-spacer-inner\"><\/div>\n\t\t<\/div>\n\t\t\t\t<\/div>\n\t\t\t\t<\/div>\n\t\t\t\t<div class=\"elementor-element elementor-element-9b2d49e elementor-widget elementor-widget-heading\" data-id=\"9b2d49e\" data-element_type=\"widget\" data-widget_type=\"heading.default\">\n\t\t\t\t<div class=\"elementor-widget-container\">\n\t\t\t<h2 class=\"elementor-heading-title elementor-size-default\">Portique de lavage automobile<\/h2>\t\t<\/div>\n\t\t\t\t<\/div>\n\t\t\t\t<div class=\"elementor-element elementor-element-d660b58 elementor-widget elementor-widget-text-editor\" data-id=\"d660b58\" data-element_type=\"widget\" data-widget_type=\"text-editor.default\">\n\t\t\t\t<div class=\"elementor-widget-container\">\n\t\t\t\t\t\t\t\t<div class=\"elementor-text-editor elementor-clearfix\">\n\t\t\t\t\t\t\t\t\t<\/div>\n\t\t\t\t\t\t<\/div>\n\t\t\t\t<\/div>\n\t\t\t\t<div class=\"elementor-element elementor-element-ed690f4 elementor-widget elementor-widget-spacer\" data-id=\"ed690f4\" data-element_type=\"widget\" data-widget_type=\"spacer.default\">\n\t\t\t\t<div class=\"elementor-widget-container\">\n\t\t\t\t\t<div class=\"elementor-spacer\">\n\t\t\t<div class=\"elementor-spacer-inner\"><\/div>\n\t\t<\/div>\n\t\t\t\t<\/div>\n\t\t\t\t<\/div>\n\t\t\t\t<div class=\"elementor-element elementor-element-eab807a elementor-align-center elementor-widget elementor-widget-button\" data-id=\"eab807a\" data-element_type=\"widget\" data-widget_type=\"button.default\">\n\t\t\t\t<div class=\"elementor-widget-container\">\n\t\t\t\t\t<div class=\"elementor-button-wrapper\">\n\t\t\t<a href=\"http:\/\/amt-lavage.com\/wp-content\/uploads\/2022\/10\/PDF-S8.pdf\" class=\"elementor-button-link elementor-button elementor-size-sm\" role=\"button\">\n\t\t\t\t\t\t<span class=\"elementor-button-content-wrapper\">\n\t\t\t\t\t\t<span class=\"elementor-button-text\">T\u00e9l\u00e9charger la fiche technique<\/span>\n\t\t<\/span>\n\t\t\t\t\t<\/a>\n\t\t<\/div>\n\t\t\t\t<\/div>\n\t\t\t\t<\/div>\n\t\t\t\t\t\t<\/div>\n\t\t\t\t\t<\/div>\n\t\t<\/div>\n\t\t\t\t\t\t\t\t<\/div>\n\t\t\t\t\t<\/div>\n\t\t<\/section>\n\t\t\t\t<section class=\"elementor-section elementor-top-section elementor-element elementor-element-0c9e772 elementor-section-boxed elementor-section-height-default elementor-section-height-default\" data-id=\"0c9e772\" data-element_type=\"section\">\n\t\t\t\t\t\t<div class=\"elementor-container elementor-column-gap-default\">\n\t\t\t\t\t\t\t<div class=\"elementor-row\">\n\t\t\t\t\t<div class=\"elementor-column elementor-col-50 elementor-top-column elementor-element elementor-element-d017435\" data-id=\"d017435\" data-element_type=\"column\">\n\t\t\t<div class=\"elementor-column-wrap elementor-element-populated\">\n\t\t\t\t\t\t\t<div class=\"elementor-widget-wrap\">\n\t\t\t\t\t\t<div class=\"elementor-element elementor-element-a90684e elementor-widget elementor-widget-heading\" data-id=\"a90684e\" data-element_type=\"widget\" data-widget_type=\"heading.default\">\n\t\t\t\t<div class=\"elementor-widget-container\">\n\t\t\t<h2 class=\"elementor-heading-title elementor-size-default\">Caract\u00e9ristiques techniques<\/h2>\t\t<\/div>\n\t\t\t\t<\/div>\n\t\t\t\t<div class=\"elementor-element elementor-element-b5c3099 elementor-widget elementor-widget-text-editor\" data-id=\"b5c3099\" data-element_type=\"widget\" data-widget_type=\"text-editor.default\">\n\t\t\t\t<div class=\"elementor-widget-container\">\n\t\t\t\t\t\t\t\t<div class=\"elementor-text-editor elementor-clearfix\">\n\t\t\t\t<p><span class=\"s1\"><span class=\"Apple-converted-space\">\u00a0<\/span><\/span><b>Structure<span class=\"Apple-converted-space\">\u00a0<\/span><\/b><\/p><p>\u2022 Ch\u00e2ssis en acier galvanis\u00e9 et peint<span class=\"Apple-converted-space\">\u00a0<\/span><\/p><p>\u2022 Car\u00e9nage ABS<span class=\"Apple-converted-space\">\u00a0<\/span><\/p><p>\u2022 Translation directe avec variateur<span class=\"Apple-converted-space\">\u00a0<\/span><\/p><p>\u2022 Rivetage haute r\u00e9sistance de type a\u00e9ronautique<span class=\"Apple-converted-space\">\u00a0<\/span><\/p><p>\u2022 Boulonnerie en acier inoxydable<span class=\"Apple-converted-space\">\u00a0<\/span><\/p><p><b>Brosses verticales<span class=\"Apple-converted-space\">\u00a0<\/span><\/b><\/p><p>\u2022 D\u00e9placement des chariots sur poutre en acier galvanis\u00e9<span class=\"Apple-converted-space\">\u00a0<\/span><\/p><p>\u2022 Rotation et contr\u00f4le \u00e9lectronique de la puissance par variateur<span class=\"Apple-converted-space\">\u00a0<\/span><\/p><p>\u2022 Double balayage avant et arri\u00e8re du v\u00e9hicule<span class=\"Apple-converted-space\">\u00a0<\/span><\/p><p>\u2022 Inclinaison lat\u00e9rale et verrouillage par cylindre pneumatique<span class=\"Apple-converted-space\">\u00a0<\/span><\/p><p>\u2022 S\u00e9curit\u00e9 crochet d\u2019attelage<span class=\"Apple-converted-space\">\u00a0<\/span><\/p><p><b>Brosse horizontale<span class=\"Apple-converted-space\">\u00a0<\/span><\/b><\/p><p>\u2022 Soul\u00e8vement \u00e9lectrique avec variateur<span class=\"Apple-converted-space\">\u00a0<\/span><\/p><p>\u2022 Rotation et contr\u00f4le \u00e9lectronique de la puissance par variateur<span class=\"Apple-converted-space\">\u00a0<\/span><\/p><p>\u2022 Guides en acier inoxydable<span class=\"Apple-converted-space\">\u00a0<\/span><\/p><p>\u2022 Syst\u00e8me de s\u00e9curit\u00e9 antichute<span class=\"Apple-converted-space\">\u00a0<\/span><\/p>\t\t\t\t\t<\/div>\n\t\t\t\t\t\t<\/div>\n\t\t\t\t<\/div>\n\t\t\t\t\t\t<\/div>\n\t\t\t\t\t<\/div>\n\t\t<\/div>\n\t\t\t\t<div class=\"elementor-column elementor-col-50 elementor-top-column elementor-element elementor-element-8e5dc12\" data-id=\"8e5dc12\" data-element_type=\"column\">\n\t\t\t<div class=\"elementor-column-wrap elementor-element-populated\">\n\t\t\t\t\t\t\t<div class=\"elementor-widget-wrap\">\n\t\t\t\t\t\t<div class=\"elementor-element elementor-element-6f21c4a elementor-widget elementor-widget-spacer\" data-id=\"6f21c4a\" data-element_type=\"widget\" data-widget_type=\"spacer.default\">\n\t\t\t\t<div class=\"elementor-widget-container\">\n\t\t\t\t\t<div class=\"elementor-spacer\">\n\t\t\t<div class=\"elementor-spacer-inner\"><\/div>\n\t\t<\/div>\n\t\t\t\t<\/div>\n\t\t\t\t<\/div>\n\t\t\t\t<div class=\"elementor-element elementor-element-c360c9f elementor-widget elementor-widget-text-editor\" data-id=\"c360c9f\" data-element_type=\"widget\" data-widget_type=\"text-editor.default\">\n\t\t\t\t<div class=\"elementor-widget-container\">\n\t\t\t\t\t\t\t\t<div class=\"elementor-text-editor elementor-clearfix\">\n\t\t\t\t<p><b>S\u00e9chage<span class=\"Apple-converted-space\">\u00a0<\/span><\/b><\/p><p><span class=\"s1\">\u2022 <\/span>Buse horizontale en inox suivi de profil, orientable \u00e0 360\u00b0 avec commande motoris\u00e9e \u00e0 variateur<span class=\"Apple-converted-space\">\u00a0<\/span><\/p><p>\u2022 Soul\u00e8vement \u00e9lectrique avec variateur<span class=\"Apple-converted-space\">\u00a0<\/span><\/p><p>\u2022 Guides en acier inoxydable<span class=\"Apple-converted-space\">\u00a0<\/span><\/p><p>\u2022 S\u00e9chage lat\u00e9ral 2 ventilateurs \u00e9lectriques<span class=\"Apple-converted-space\">\u00a0<\/span><\/p><p>\u2022 Syst\u00e8me de s\u00e9curit\u00e9 antichute<span class=\"Apple-converted-space\">\u00a0<\/span><\/p><p><b>\u00c9quipement standard<span class=\"Apple-converted-space\">\u00a0<\/span><\/b><\/p><p>\u2022 Syst\u00e8me hydraulique avec \u00e9lectrovannes et rampes d\u00e9di\u00e9es<span class=\"Apple-converted-space\">\u00a0<\/span><\/p><p>\u2022 Pompe doseuse pour shampoing<span class=\"Apple-converted-space\">\u00a0<\/span><\/p><p>\u2022 Pompe doseuse pour cire<span class=\"Apple-converted-space\">\u00a0<\/span><\/p><p>\u2022 5 variateurs<span class=\"Apple-converted-space\">\u00a0<\/span><\/p><p><span class=\"s1\">\u2022 <\/span>Pr\u00e9paration Self-Service enti\u00e8rement int\u00e9gr\u00e9e \u00e0 l\u2019\u00e9lectronique de la machine<span class=\"Apple-converted-space\">\u00a0<\/span><\/p>\t\t\t\t\t<\/div>\n\t\t\t\t\t\t<\/div>\n\t\t\t\t<\/div>\n\t\t\t\t\t\t<\/div>\n\t\t\t\t\t<\/div>\n\t\t<\/div>\n\t\t\t\t\t\t\t\t<\/div>\n\t\t\t\t\t<\/div>\n\t\t<\/section>\n\t\t\t\t<section class=\"elementor-section elementor-top-section elementor-element elementor-element-487104d elementor-section-boxed elementor-section-height-default elementor-section-height-default\" data-id=\"487104d\" data-element_type=\"section\">\n\t\t\t\t\t\t<div class=\"elementor-container elementor-column-gap-default\">\n\t\t\t\t\t\t\t<div class=\"elementor-row\">\n\t\t\t\t\t<div class=\"elementor-column elementor-col-100 elementor-top-column elementor-element elementor-element-ae2d240\" data-id=\"ae2d240\" data-element_type=\"column\">\n\t\t\t<div class=\"elementor-column-wrap elementor-element-populated\">\n\t\t\t\t\t\t\t<div class=\"elementor-widget-wrap\">\n\t\t\t\t\t\t<section class=\"elementor-section elementor-inner-section elementor-element elementor-element-823968c elementor-section-boxed elementor-section-height-default elementor-section-height-default\" data-id=\"823968c\" data-element_type=\"section\">\n\t\t\t\t\t\t<div class=\"elementor-container elementor-column-gap-default\">\n\t\t\t\t\t\t\t<div class=\"elementor-row\">\n\t\t\t\t\t<div class=\"elementor-column elementor-col-33 elementor-inner-column elementor-element elementor-element-531574f\" data-id=\"531574f\" data-element_type=\"column\">\n\t\t\t<div class=\"elementor-column-wrap elementor-element-populated\">\n\t\t\t\t\t\t\t<div class=\"elementor-widget-wrap\">\n\t\t\t\t\t\t<div class=\"elementor-element elementor-element-c260a22 elementor-view-stacked elementor-shape-circle elementor-mobile-position-top elementor-vertical-align-top elementor-widget elementor-widget-icon-box\" data-id=\"c260a22\" data-element_type=\"widget\" data-widget_type=\"icon-box.default\">\n\t\t\t\t<div class=\"elementor-widget-container\">\n\t\t\t\t\t<div class=\"elementor-icon-box-wrapper\">\n\t\t\t\t\t\t<div class=\"elementor-icon-box-icon\">\n\t\t\t\t<a class=\"elementor-icon elementor-animation-grow\" href=\"http:\/\/amt-lavage.com\/?page_id=338\">\n\t\t\t\t<i aria-hidden=\"true\" class=\"fas fa-location-arrow\"><\/i>\t\t\t\t<\/a>\n\t\t\t<\/div>\n\t\t\t\t\t\t<div class=\"elementor-icon-box-content\">\n\t\t\t\t<h3 class=\"elementor-icon-box-title\">\n\t\t\t\t\t<a href=\"http:\/\/amt-lavage.com\/?page_id=338\" >\n\t\t\t\t\t\tSi\u00e8ge Social\t\t\t\t\t<\/a>\n\t\t\t\t<\/h3>\n\t\t\t\t\t\t\t\t\t<p class=\"elementor-icon-box-description\">\n\t\t\t\t\t\t385 rue Fran\u00e7ois Rabelais \nZI Port L'Ardoise Nord \n30290 Laudun-L'Ardoise\t\t\t\t\t<\/p>\n\t\t\t\t\t\t\t<\/div>\n\t\t<\/div>\n\t\t\t\t<\/div>\n\t\t\t\t<\/div>\n\t\t\t\t\t\t<\/div>\n\t\t\t\t\t<\/div>\n\t\t<\/div>\n\t\t\t\t<div class=\"elementor-column elementor-col-33 elementor-inner-column elementor-element elementor-element-8118262\" data-id=\"8118262\" data-element_type=\"column\">\n\t\t\t<div class=\"elementor-column-wrap elementor-element-populated\">\n\t\t\t\t\t\t\t<div class=\"elementor-widget-wrap\">\n\t\t\t\t\t\t<div class=\"elementor-element elementor-element-d6c1a92 elementor-view-stacked elementor-shape-circle elementor-mobile-position-top elementor-vertical-align-top elementor-widget elementor-widget-icon-box\" data-id=\"d6c1a92\" data-element_type=\"widget\" data-widget_type=\"icon-box.default\">\n\t\t\t\t<div class=\"elementor-widget-container\">\n\t\t\t\t\t<div class=\"elementor-icon-box-wrapper\">\n\t\t\t\t\t\t<div class=\"elementor-icon-box-icon\">\n\t\t\t\t<a class=\"elementor-icon elementor-animation-grow\" href=\"http:\/\/amt-lavage.com\/?page_id=338\">\n\t\t\t\t<i class=\"fa fa-phone\" aria-hidden=\"true\"><\/i>\t\t\t\t<\/a>\n\t\t\t<\/div>\n\t\t\t\t\t\t<div class=\"elementor-icon-box-content\">\n\t\t\t\t<h3 class=\"elementor-icon-box-title\">\n\t\t\t\t\t<a href=\"http:\/\/amt-lavage.com\/?page_id=338\" >\n\t\t\t\t\t\tT\u00e9l\u00e9phone\t\t\t\t\t<\/a>\n\t\t\t\t<\/h3>\n\t\t\t\t\t\t\t\t\t<p class=\"elementor-icon-box-description\">\n\t\t\t\t\t\t04 66 82 55 62\t\t\t\t\t<\/p>\n\t\t\t\t\t\t\t<\/div>\n\t\t<\/div>\n\t\t\t\t<\/div>\n\t\t\t\t<\/div>\n\t\t\t\t\t\t<\/div>\n\t\t\t\t\t<\/div>\n\t\t<\/div>\n\t\t\t\t<div class=\"elementor-column elementor-col-33 elementor-inner-column elementor-element elementor-element-94ff918\" data-id=\"94ff918\" data-element_type=\"column\">\n\t\t\t<div class=\"elementor-column-wrap elementor-element-populated\">\n\t\t\t\t\t\t\t<div class=\"elementor-widget-wrap\">\n\t\t\t\t\t\t<div class=\"elementor-element elementor-element-82a6778 elementor-view-stacked elementor-shape-circle elementor-mobile-position-top elementor-vertical-align-top elementor-widget elementor-widget-icon-box\" data-id=\"82a6778\" data-element_type=\"widget\" data-widget_type=\"icon-box.default\">\n\t\t\t\t<div class=\"elementor-widget-container\">\n\t\t\t\t\t<div class=\"elementor-icon-box-wrapper\">\n\t\t\t\t\t\t<div class=\"elementor-icon-box-icon\">\n\t\t\t\t<a class=\"elementor-icon elementor-animation-grow\" href=\"http:\/\/amt-lavage.com\/?page_id=338\">\n\t\t\t\t<i class=\"fa fa-envelope-o\" aria-hidden=\"true\"><\/i>\t\t\t\t<\/a>\n\t\t\t<\/div>\n\t\t\t\t\t\t<div class=\"elementor-icon-box-content\">\n\t\t\t\t<h3 class=\"elementor-icon-box-title\">\n\t\t\t\t\t<a href=\"http:\/\/amt-lavage.com\/?page_id=338\" >\n\t\t\t\t\t\tEmail\t\t\t\t\t<\/a>\n\t\t\t\t<\/h3>\n\t\t\t\t\t\t\t\t\t<p class=\"elementor-icon-box-description\">\n\t\t\t\t\t\tcontact@amt-lavage.fr\t\t\t\t\t<\/p>\n\t\t\t\t\t\t\t<\/div>\n\t\t<\/div>\n\t\t\t\t<\/div>\n\t\t\t\t<\/div>\n\t\t\t\t\t\t<\/div>\n\t\t\t\t\t<\/div>\n\t\t<\/div>\n\t\t\t\t\t\t\t\t<\/div>\n\t\t\t\t\t<\/div>\n\t\t<\/section>\n\t\t\t\t\t\t<\/div>\n\t\t\t\t\t<\/div>\n\t\t<\/div>\n\t\t\t\t\t\t\t\t<\/div>\n\t\t\t\t\t<\/div>\n\t\t<\/section>\n\t\t\t\t\t\t\t\t\t<\/div>\n\t\t\t<\/div>\n\t\t\t\t\t<\/div>\n\t\t","protected":false},"excerpt":{"rendered":"<p>Portique de lavage automobile T\u00e9l\u00e9charger la fiche technique Caract\u00e9ristiques techniques \u00a0Structure\u00a0 \u2022 Ch\u00e2ssis en acier galvanis\u00e9 et peint\u00a0 \u2022 Car\u00e9nage ABS\u00a0 \u2022 Translation directe avec variateur\u00a0 \u2022 Rivetage haute r\u00e9sistance de type a\u00e9ronautique\u00a0 \u2022 Boulonnerie en acier inoxydable\u00a0 Brosses verticales\u00a0 \u2022 D\u00e9placement des chariots sur poutre en acier galvanis\u00e9\u00a0 \u2022 Rotation et contr\u00f4le \u00e9lectronique de&hellip; <br \/> <a class=\"read-more\" href=\"http:\/\/amt-lavage.com\/?page_id=454\">Read more<\/a><\/p>\n","protected":false},"author":1,"featured_media":0,"parent":0,"menu_order":0,"comment_status":"closed","ping_status":"closed","template":"","meta":{"footnotes":""},"class_list":["post-454","page","type-page","status-publish","hentry"],"_links":{"self":[{"href":"http:\/\/amt-lavage.com\/index.php?rest_route=\/wp\/v2\/pages\/454","targetHints":{"allow":["GET"]}}],"collection":[{"href":"http:\/\/amt-lavage.com\/index.php?rest_route=\/wp\/v2\/pages"}],"about":[{"href":"http:\/\/amt-lavage.com\/index.php?rest_route=\/wp\/v2\/types\/page"}],"author":[{"embeddable":true,"href":"http:\/\/amt-lavage.com\/index.php?rest_route=\/wp\/v2\/users\/1"}],"replies":[{"embeddable":true,"href":"http:\/\/amt-lavage.com\/index.php?rest_route=%2Fwp%2Fv2%2Fcomments&post=454"}],"version-history":[{"count":5,"href":"http:\/\/amt-lavage.com\/index.php?rest_route=\/wp\/v2\/pages\/454\/revisions"}],"predecessor-version":[{"id":595,"href":"http:\/\/amt-lavage.com\/index.php?rest_route=\/wp\/v2\/pages\/454\/revisions\/595"}],"wp:attachment":[{"href":"http:\/\/amt-lavage.com\/index.php?rest_route=%2Fwp%2Fv2%2Fmedia&parent=454"}],"curies":[{"name":"wp","href":"https:\/\/api.w.org\/{rel}","templated":true}]}}