{"id":447,"date":"2022-10-11T15:17:37","date_gmt":"2022-10-11T13:17:37","guid":{"rendered":"http:\/\/amt-lavage.com\/?page_id=447"},"modified":"2023-02-08T09:56:08","modified_gmt":"2023-02-08T08:56:08","slug":"portiques","status":"publish","type":"page","link":"http:\/\/amt-lavage.com\/?page_id=447","title":{"rendered":"Portiques"},"content":{"rendered":"\t\t<div data-elementor-type=\"wp-page\" data-elementor-id=\"447\" class=\"elementor elementor-447\">\n\t\t\t\t\t\t<div class=\"elementor-inner\">\n\t\t\t\t<div class=\"elementor-section-wrap\">\n\t\t\t\t\t\t\t\t\t<section class=\"elementor-section elementor-top-section elementor-element elementor-element-3e6020d elementor-section-boxed elementor-section-height-default elementor-section-height-default\" data-id=\"3e6020d\" data-element_type=\"section\">\n\t\t\t\t\t\t<div class=\"elementor-container elementor-column-gap-default\">\n\t\t\t\t\t\t\t<div class=\"elementor-row\">\n\t\t\t\t\t<div class=\"elementor-column elementor-col-33 elementor-top-column elementor-element elementor-element-9146033\" data-id=\"9146033\" data-element_type=\"column\">\n\t\t\t<div class=\"elementor-column-wrap elementor-element-populated\">\n\t\t\t\t\t\t\t<div class=\"elementor-widget-wrap\">\n\t\t\t\t\t\t<div class=\"elementor-element elementor-element-57ae253 elementor-widget elementor-widget-image\" data-id=\"57ae253\" data-element_type=\"widget\" data-widget_type=\"image.default\">\n\t\t\t\t<div class=\"elementor-widget-container\">\n\t\t\t\t\t\t\t\t<div class=\"elementor-image\">\n\t\t\t\t\t\t\t\t\t\t\t\t\t<a href=\"http:\/\/amt-lavage.com\/?page_id=449\">\n\t\t\t\t\t\t\t<img loading=\"lazy\" decoding=\"async\" width=\"1452\" height=\"1406\" src=\"http:\/\/amt-lavage.com\/wp-content\/uploads\/2022\/10\/Sans-titre-1.jpg\" class=\"attachment-full size-full\" alt=\"\" srcset=\"http:\/\/amt-lavage.com\/wp-content\/uploads\/2022\/10\/Sans-titre-1.jpg 1452w, http:\/\/amt-lavage.com\/wp-content\/uploads\/2022\/10\/Sans-titre-1-300x290.jpg 300w, http:\/\/amt-lavage.com\/wp-content\/uploads\/2022\/10\/Sans-titre-1-1024x992.jpg 1024w, http:\/\/amt-lavage.com\/wp-content\/uploads\/2022\/10\/Sans-titre-1-768x744.jpg 768w, http:\/\/amt-lavage.com\/wp-content\/uploads\/2022\/10\/Sans-titre-1-1115x1080.jpg 1115w\" sizes=\"auto, (max-width: 1452px) 100vw, 1452px\" \/>\t\t\t\t\t\t\t\t<\/a>\n\t\t\t\t\t\t\t\t\t\t\t\t\t\t<\/div>\n\t\t\t\t\t\t<\/div>\n\t\t\t\t<\/div>\n\t\t\t\t<div class=\"elementor-element elementor-element-770fd62 elementor-widget elementor-widget-heading\" data-id=\"770fd62\" data-element_type=\"widget\" data-widget_type=\"heading.default\">\n\t\t\t\t<div class=\"elementor-widget-container\">\n\t\t\t<h2 class=\"elementor-heading-title elementor-size-large\"><font style=\"vertical-align: inherit;\"><font style=\"vertical-align: inherit;\">Stargate S4<\/font><\/font><font style=\"vertical-align: inherit;\"><\/font><font style=\"vertical-align: inherit;\"><font style=\"vertical-align: inherit;\"><\/font><\/font><\/h2>\t\t<\/div>\n\t\t\t\t<\/div>\n\t\t\t\t\t\t<\/div>\n\t\t\t\t\t<\/div>\n\t\t<\/div>\n\t\t\t\t<div class=\"elementor-column elementor-col-33 elementor-top-column elementor-element elementor-element-fd42fed\" data-id=\"fd42fed\" data-element_type=\"column\">\n\t\t\t<div class=\"elementor-column-wrap elementor-element-populated\">\n\t\t\t\t\t\t\t<div class=\"elementor-widget-wrap\">\n\t\t\t\t\t\t<div class=\"elementor-element elementor-element-cffeaa9 elementor-widget elementor-widget-image\" data-id=\"cffeaa9\" data-element_type=\"widget\" data-widget_type=\"image.default\">\n\t\t\t\t<div class=\"elementor-widget-container\">\n\t\t\t\t\t\t\t\t<div class=\"elementor-image\">\n\t\t\t\t\t\t\t\t\t\t\t\t\t<a href=\"http:\/\/amt-lavage.com\/?page_id=451\">\n\t\t\t\t\t\t\t<img loading=\"lazy\" decoding=\"async\" width=\"1452\" height=\"1406\" src=\"http:\/\/amt-lavage.com\/wp-content\/uploads\/2022\/10\/Sans-titre-12.jpg\" class=\"attachment-full size-full\" alt=\"\" srcset=\"http:\/\/amt-lavage.com\/wp-content\/uploads\/2022\/10\/Sans-titre-12.jpg 1452w, http:\/\/amt-lavage.com\/wp-content\/uploads\/2022\/10\/Sans-titre-12-300x290.jpg 300w, http:\/\/amt-lavage.com\/wp-content\/uploads\/2022\/10\/Sans-titre-12-1024x992.jpg 1024w, http:\/\/amt-lavage.com\/wp-content\/uploads\/2022\/10\/Sans-titre-12-768x744.jpg 768w, http:\/\/amt-lavage.com\/wp-content\/uploads\/2022\/10\/Sans-titre-12-1115x1080.jpg 1115w\" sizes=\"auto, (max-width: 1452px) 100vw, 1452px\" \/>\t\t\t\t\t\t\t\t<\/a>\n\t\t\t\t\t\t\t\t\t\t\t\t\t\t<\/div>\n\t\t\t\t\t\t<\/div>\n\t\t\t\t<\/div>\n\t\t\t\t<div class=\"elementor-element elementor-element-17f2e46 elementor-widget elementor-widget-heading\" data-id=\"17f2e46\" data-element_type=\"widget\" data-widget_type=\"heading.default\">\n\t\t\t\t<div class=\"elementor-widget-container\">\n\t\t\t<h2 class=\"elementor-heading-title elementor-size-large\"><font style=\"vertical-align: inherit;\"><font style=\"vertical-align: inherit;\">Stargate S6<\/font><\/font><\/h2>\t\t<\/div>\n\t\t\t\t<\/div>\n\t\t\t\t\t\t<\/div>\n\t\t\t\t\t<\/div>\n\t\t<\/div>\n\t\t\t\t<div class=\"elementor-column elementor-col-33 elementor-top-column elementor-element elementor-element-862d78a\" data-id=\"862d78a\" data-element_type=\"column\">\n\t\t\t<div class=\"elementor-column-wrap elementor-element-populated\">\n\t\t\t\t\t\t\t<div class=\"elementor-widget-wrap\">\n\t\t\t\t\t\t<div class=\"elementor-element elementor-element-ec24c3d elementor-widget elementor-widget-image\" data-id=\"ec24c3d\" data-element_type=\"widget\" data-widget_type=\"image.default\">\n\t\t\t\t<div class=\"elementor-widget-container\">\n\t\t\t\t\t\t\t\t<div class=\"elementor-image\">\n\t\t\t\t\t\t\t\t\t\t\t\t\t<a href=\"http:\/\/amt-lavage.com\/?page_id=507\">\n\t\t\t\t\t\t\t<img loading=\"lazy\" decoding=\"async\" width=\"1452\" height=\"1406\" src=\"http:\/\/amt-lavage.com\/wp-content\/uploads\/2022\/10\/Sans-titre-13.jpg\" class=\"attachment-full size-full\" alt=\"\" srcset=\"http:\/\/amt-lavage.com\/wp-content\/uploads\/2022\/10\/Sans-titre-13.jpg 1452w, http:\/\/amt-lavage.com\/wp-content\/uploads\/2022\/10\/Sans-titre-13-300x290.jpg 300w, http:\/\/amt-lavage.com\/wp-content\/uploads\/2022\/10\/Sans-titre-13-1024x992.jpg 1024w, http:\/\/amt-lavage.com\/wp-content\/uploads\/2022\/10\/Sans-titre-13-768x744.jpg 768w, http:\/\/amt-lavage.com\/wp-content\/uploads\/2022\/10\/Sans-titre-13-1115x1080.jpg 1115w\" sizes=\"auto, (max-width: 1452px) 100vw, 1452px\" \/>\t\t\t\t\t\t\t\t<\/a>\n\t\t\t\t\t\t\t\t\t\t\t\t\t\t<\/div>\n\t\t\t\t\t\t<\/div>\n\t\t\t\t<\/div>\n\t\t\t\t<div class=\"elementor-element elementor-element-ec368c7 elementor-widget elementor-widget-heading\" data-id=\"ec368c7\" data-element_type=\"widget\" data-widget_type=\"heading.default\">\n\t\t\t\t<div class=\"elementor-widget-container\">\n\t\t\t<h2 class=\"elementor-heading-title elementor-size-large\"><font style=\"vertical-align: inherit;\"><font style=\"vertical-align: inherit;\">Stargate S7<\/font><\/font><\/h2>\t\t<\/div>\n\t\t\t\t<\/div>\n\t\t\t\t\t\t<\/div>\n\t\t\t\t\t<\/div>\n\t\t<\/div>\n\t\t\t\t\t\t\t\t<\/div>\n\t\t\t\t\t<\/div>\n\t\t<\/section>\n\t\t\t\t<section class=\"elementor-section elementor-top-section elementor-element elementor-element-1a9ed7b elementor-section-boxed elementor-section-height-default elementor-section-height-default\" data-id=\"1a9ed7b\" data-element_type=\"section\">\n\t\t\t\t\t\t<div class=\"elementor-container elementor-column-gap-default\">\n\t\t\t\t\t\t\t<div class=\"elementor-row\">\n\t\t\t\t\t<div class=\"elementor-column elementor-col-33 elementor-top-column elementor-element elementor-element-032cdf9\" data-id=\"032cdf9\" data-element_type=\"column\">\n\t\t\t<div class=\"elementor-column-wrap elementor-element-populated\">\n\t\t\t\t\t\t\t<div class=\"elementor-widget-wrap\">\n\t\t\t\t\t\t<div class=\"elementor-element elementor-element-91bea91 elementor-widget elementor-widget-image\" data-id=\"91bea91\" data-element_type=\"widget\" data-widget_type=\"image.default\">\n\t\t\t\t<div class=\"elementor-widget-container\">\n\t\t\t\t\t\t\t\t<div class=\"elementor-image\">\n\t\t\t\t\t\t\t\t\t\t\t\t\t<a href=\"http:\/\/amt-lavage.com\/?page_id=454\">\n\t\t\t\t\t\t\t<img loading=\"lazy\" decoding=\"async\" width=\"1024\" height=\"992\" src=\"http:\/\/amt-lavage.com\/wp-content\/uploads\/2022\/10\/Sans-titre-14-1024x992.jpg\" class=\"attachment-large size-large\" alt=\"\" srcset=\"http:\/\/amt-lavage.com\/wp-content\/uploads\/2022\/10\/Sans-titre-14-1024x992.jpg 1024w, http:\/\/amt-lavage.com\/wp-content\/uploads\/2022\/10\/Sans-titre-14-300x290.jpg 300w, http:\/\/amt-lavage.com\/wp-content\/uploads\/2022\/10\/Sans-titre-14-768x744.jpg 768w, http:\/\/amt-lavage.com\/wp-content\/uploads\/2022\/10\/Sans-titre-14-1115x1080.jpg 1115w, http:\/\/amt-lavage.com\/wp-content\/uploads\/2022\/10\/Sans-titre-14.jpg 1452w\" sizes=\"auto, (max-width: 1024px) 100vw, 1024px\" \/>\t\t\t\t\t\t\t\t<\/a>\n\t\t\t\t\t\t\t\t\t\t\t\t\t\t<\/div>\n\t\t\t\t\t\t<\/div>\n\t\t\t\t<\/div>\n\t\t\t\t<div class=\"elementor-element elementor-element-b1536e9 elementor-widget elementor-widget-heading\" data-id=\"b1536e9\" data-element_type=\"widget\" data-widget_type=\"heading.default\">\n\t\t\t\t<div class=\"elementor-widget-container\">\n\t\t\t<h2 class=\"elementor-heading-title elementor-size-large\"><font style=\"vertical-align: inherit;\"><font style=\"vertical-align: inherit;\">Stargate S8<\/font><\/font><\/h2>\t\t<\/div>\n\t\t\t\t<\/div>\n\t\t\t\t\t\t<\/div>\n\t\t\t\t\t<\/div>\n\t\t<\/div>\n\t\t\t\t<div class=\"elementor-column elementor-col-33 elementor-top-column elementor-element elementor-element-51613ed\" data-id=\"51613ed\" data-element_type=\"column\">\n\t\t\t<div class=\"elementor-column-wrap elementor-element-populated\">\n\t\t\t\t\t\t\t<div class=\"elementor-widget-wrap\">\n\t\t\t\t\t\t<div class=\"elementor-element elementor-element-245f6fb elementor-widget elementor-widget-image\" data-id=\"245f6fb\" data-element_type=\"widget\" data-widget_type=\"image.default\">\n\t\t\t\t<div class=\"elementor-widget-container\">\n\t\t\t\t\t\t\t\t<div class=\"elementor-image\">\n\t\t\t\t\t\t\t\t\t\t\t\t\t<a href=\"http:\/\/amt-lavage.com\/?page_id=456\">\n\t\t\t\t\t\t\t<img loading=\"lazy\" decoding=\"async\" width=\"1024\" height=\"992\" src=\"http:\/\/amt-lavage.com\/wp-content\/uploads\/2022\/10\/Sans-titre-15-1024x992.jpg\" class=\"attachment-large size-large\" alt=\"\" srcset=\"http:\/\/amt-lavage.com\/wp-content\/uploads\/2022\/10\/Sans-titre-15-1024x992.jpg 1024w, http:\/\/amt-lavage.com\/wp-content\/uploads\/2022\/10\/Sans-titre-15-300x290.jpg 300w, http:\/\/amt-lavage.com\/wp-content\/uploads\/2022\/10\/Sans-titre-15-768x744.jpg 768w, http:\/\/amt-lavage.com\/wp-content\/uploads\/2022\/10\/Sans-titre-15-1115x1080.jpg 1115w, http:\/\/amt-lavage.com\/wp-content\/uploads\/2022\/10\/Sans-titre-15.jpg 1452w\" sizes=\"auto, (max-width: 1024px) 100vw, 1024px\" \/>\t\t\t\t\t\t\t\t<\/a>\n\t\t\t\t\t\t\t\t\t\t\t\t\t\t<\/div>\n\t\t\t\t\t\t<\/div>\n\t\t\t\t<\/div>\n\t\t\t\t<div class=\"elementor-element elementor-element-aab935a elementor-widget elementor-widget-heading\" data-id=\"aab935a\" data-element_type=\"widget\" data-widget_type=\"heading.default\">\n\t\t\t\t<div class=\"elementor-widget-container\">\n\t\t\t<h2 class=\"elementor-heading-title elementor-size-large\"><font style=\"vertical-align: inherit;\"><font style=\"vertical-align: inherit;\">Stargate S10<\/font><\/font><\/h2>\t\t<\/div>\n\t\t\t\t<\/div>\n\t\t\t\t\t\t<\/div>\n\t\t\t\t\t<\/div>\n\t\t<\/div>\n\t\t\t\t<div class=\"elementor-column elementor-col-33 elementor-top-column elementor-element elementor-element-ec59e6f\" data-id=\"ec59e6f\" data-element_type=\"column\">\n\t\t\t<div class=\"elementor-column-wrap elementor-element-populated\">\n\t\t\t\t\t\t\t<div class=\"elementor-widget-wrap\">\n\t\t\t\t\t\t<div class=\"elementor-element elementor-element-45ad530 elementor-widget elementor-widget-image\" data-id=\"45ad530\" data-element_type=\"widget\" data-widget_type=\"image.default\">\n\t\t\t\t<div class=\"elementor-widget-container\">\n\t\t\t\t\t\t\t\t<div class=\"elementor-image\">\n\t\t\t\t\t\t\t\t\t\t\t\t\t<a href=\"http:\/\/amt-lavage.com\/?page_id=458\">\n\t\t\t\t\t\t\t<img loading=\"lazy\" decoding=\"async\" width=\"1024\" height=\"992\" src=\"http:\/\/amt-lavage.com\/wp-content\/uploads\/2022\/10\/Sans-titre-17-1024x992.jpg\" class=\"attachment-large size-large\" alt=\"\" srcset=\"http:\/\/amt-lavage.com\/wp-content\/uploads\/2022\/10\/Sans-titre-17-1024x992.jpg 1024w, http:\/\/amt-lavage.com\/wp-content\/uploads\/2022\/10\/Sans-titre-17-300x290.jpg 300w, http:\/\/amt-lavage.com\/wp-content\/uploads\/2022\/10\/Sans-titre-17-768x744.jpg 768w, http:\/\/amt-lavage.com\/wp-content\/uploads\/2022\/10\/Sans-titre-17-1115x1080.jpg 1115w, http:\/\/amt-lavage.com\/wp-content\/uploads\/2022\/10\/Sans-titre-17.jpg 1452w\" sizes=\"auto, (max-width: 1024px) 100vw, 1024px\" \/>\t\t\t\t\t\t\t\t<\/a>\n\t\t\t\t\t\t\t\t\t\t\t\t\t\t<\/div>\n\t\t\t\t\t\t<\/div>\n\t\t\t\t<\/div>\n\t\t\t\t<div class=\"elementor-element elementor-element-9f689fb elementor-widget elementor-widget-heading\" data-id=\"9f689fb\" data-element_type=\"widget\" data-widget_type=\"heading.default\">\n\t\t\t\t<div class=\"elementor-widget-container\">\n\t\t\t<h2 class=\"elementor-heading-title elementor-size-large\"><font style=\"vertical-align: inherit;\"><font style=\"vertical-align: inherit;\">Stargate S111<\/font><\/font><\/h2>\t\t<\/div>\n\t\t\t\t<\/div>\n\t\t\t\t\t\t<\/div>\n\t\t\t\t\t<\/div>\n\t\t<\/div>\n\t\t\t\t\t\t\t\t<\/div>\n\t\t\t\t\t<\/div>\n\t\t<\/section>\n\t\t\t\t<section class=\"elementor-section elementor-top-section elementor-element elementor-element-4d79dcd elementor-section-boxed elementor-section-height-default elementor-section-height-default\" data-id=\"4d79dcd\" data-element_type=\"section\">\n\t\t\t\t\t\t<div class=\"elementor-container elementor-column-gap-default\">\n\t\t\t\t\t\t\t<div class=\"elementor-row\">\n\t\t\t\t\t<div class=\"elementor-column elementor-col-33 elementor-top-column elementor-element elementor-element-460b997\" data-id=\"460b997\" data-element_type=\"column\">\n\t\t\t<div class=\"elementor-column-wrap elementor-element-populated\">\n\t\t\t\t\t\t\t<div class=\"elementor-widget-wrap\">\n\t\t\t\t\t\t<div class=\"elementor-element elementor-element-e4670f6 elementor-widget elementor-widget-image\" data-id=\"e4670f6\" data-element_type=\"widget\" data-widget_type=\"image.default\">\n\t\t\t\t<div class=\"elementor-widget-container\">\n\t\t\t\t\t\t\t\t<div class=\"elementor-image\">\n\t\t\t\t\t\t\t\t\t\t\t\t\t<a href=\"http:\/\/amt-lavage.com\/?page_id=460\">\n\t\t\t\t\t\t\t<img loading=\"lazy\" decoding=\"async\" width=\"1024\" height=\"992\" src=\"http:\/\/amt-lavage.com\/wp-content\/uploads\/2022\/10\/Sans-titre-19-1024x992.jpg\" class=\"attachment-large size-large\" alt=\"\" srcset=\"http:\/\/amt-lavage.com\/wp-content\/uploads\/2022\/10\/Sans-titre-19-1024x992.jpg 1024w, http:\/\/amt-lavage.com\/wp-content\/uploads\/2022\/10\/Sans-titre-19-300x290.jpg 300w, http:\/\/amt-lavage.com\/wp-content\/uploads\/2022\/10\/Sans-titre-19-768x744.jpg 768w, http:\/\/amt-lavage.com\/wp-content\/uploads\/2022\/10\/Sans-titre-19-1115x1080.jpg 1115w, http:\/\/amt-lavage.com\/wp-content\/uploads\/2022\/10\/Sans-titre-19.jpg 1452w\" sizes=\"auto, (max-width: 1024px) 100vw, 1024px\" \/>\t\t\t\t\t\t\t\t<\/a>\n\t\t\t\t\t\t\t\t\t\t\t\t\t\t<\/div>\n\t\t\t\t\t\t<\/div>\n\t\t\t\t<\/div>\n\t\t\t\t<div class=\"elementor-element elementor-element-060a802 elementor-widget elementor-widget-heading\" data-id=\"060a802\" data-element_type=\"widget\" data-widget_type=\"heading.default\">\n\t\t\t\t<div class=\"elementor-widget-container\">\n\t\t\t<h2 class=\"elementor-heading-title elementor-size-large\"><font style=\"vertical-align: inherit;\"><font style=\"vertical-align: inherit;\">Stargate SHP<\/font><\/font><\/h2>\t\t<\/div>\n\t\t\t\t<\/div>\n\t\t\t\t\t\t<\/div>\n\t\t\t\t\t<\/div>\n\t\t<\/div>\n\t\t\t\t<div class=\"elementor-column elementor-col-33 elementor-top-column elementor-element elementor-element-4527f6d\" data-id=\"4527f6d\" data-element_type=\"column\">\n\t\t\t<div class=\"elementor-column-wrap elementor-element-populated\">\n\t\t\t\t\t\t\t<div class=\"elementor-widget-wrap\">\n\t\t\t\t\t\t<div class=\"elementor-element elementor-element-1e91d91 elementor-widget elementor-widget-image\" data-id=\"1e91d91\" data-element_type=\"widget\" data-widget_type=\"image.default\">\n\t\t\t\t<div class=\"elementor-widget-container\">\n\t\t\t\t\t\t\t\t<div class=\"elementor-image\">\n\t\t\t\t\t\t\t\t\t\t\t\t\t<a href=\"http:\/\/amt-lavage.com\/?page_id=462\">\n\t\t\t\t\t\t\t<img loading=\"lazy\" decoding=\"async\" width=\"1024\" height=\"992\" src=\"http:\/\/amt-lavage.com\/wp-content\/uploads\/2022\/10\/Sans-titre-110-1024x992.jpg\" class=\"attachment-large size-large\" alt=\"\" srcset=\"http:\/\/amt-lavage.com\/wp-content\/uploads\/2022\/10\/Sans-titre-110-1024x992.jpg 1024w, http:\/\/amt-lavage.com\/wp-content\/uploads\/2022\/10\/Sans-titre-110-300x290.jpg 300w, http:\/\/amt-lavage.com\/wp-content\/uploads\/2022\/10\/Sans-titre-110-768x744.jpg 768w, http:\/\/amt-lavage.com\/wp-content\/uploads\/2022\/10\/Sans-titre-110-1115x1080.jpg 1115w, http:\/\/amt-lavage.com\/wp-content\/uploads\/2022\/10\/Sans-titre-110.jpg 1452w\" sizes=\"auto, (max-width: 1024px) 100vw, 1024px\" \/>\t\t\t\t\t\t\t\t<\/a>\n\t\t\t\t\t\t\t\t\t\t\t\t\t\t<\/div>\n\t\t\t\t\t\t<\/div>\n\t\t\t\t<\/div>\n\t\t\t\t<div class=\"elementor-element elementor-element-b148434 elementor-widget elementor-widget-heading\" data-id=\"b148434\" data-element_type=\"widget\" data-widget_type=\"heading.default\">\n\t\t\t\t<div class=\"elementor-widget-container\">\n\t\t\t<h2 class=\"elementor-heading-title elementor-size-large\"><font style=\"vertical-align: inherit;\"><font style=\"vertical-align: inherit;\">Startruck<\/font><\/font><font style=\"vertical-align: inherit;\"><\/font><font style=\"vertical-align: inherit;\"><font style=\"vertical-align: inherit;\"><\/font><\/font><\/h2>\t\t<\/div>\n\t\t\t\t<\/div>\n\t\t\t\t\t\t<\/div>\n\t\t\t\t\t<\/div>\n\t\t<\/div>\n\t\t\t\t<div class=\"elementor-column elementor-col-33 elementor-top-column elementor-element elementor-element-11ef80d\" data-id=\"11ef80d\" data-element_type=\"column\">\n\t\t\t<div class=\"elementor-column-wrap\">\n\t\t\t\t\t\t\t<div class=\"elementor-widget-wrap\">\n\t\t\t\t\t\t\t\t<\/div>\n\t\t\t\t\t<\/div>\n\t\t<\/div>\n\t\t\t\t\t\t\t\t<\/div>\n\t\t\t\t\t<\/div>\n\t\t<\/section>\n\t\t\t\t<section class=\"elementor-section elementor-top-section elementor-element elementor-element-e20a3c2 elementor-section-boxed elementor-section-height-default elementor-section-height-default\" data-id=\"e20a3c2\" data-element_type=\"section\">\n\t\t\t\t\t\t<div class=\"elementor-container elementor-column-gap-default\">\n\t\t\t\t\t\t\t<div class=\"elementor-row\">\n\t\t\t\t\t<div class=\"elementor-column elementor-col-33 elementor-top-column elementor-element elementor-element-2512bbf\" data-id=\"2512bbf\" data-element_type=\"column\">\n\t\t\t<div class=\"elementor-column-wrap\">\n\t\t\t\t\t\t\t<div class=\"elementor-widget-wrap\">\n\t\t\t\t\t\t\t\t<\/div>\n\t\t\t\t\t<\/div>\n\t\t<\/div>\n\t\t\t\t<div class=\"elementor-column elementor-col-33 elementor-top-column elementor-element elementor-element-bac575e\" data-id=\"bac575e\" data-element_type=\"column\">\n\t\t\t<div class=\"elementor-column-wrap\">\n\t\t\t\t\t\t\t<div class=\"elementor-widget-wrap\">\n\t\t\t\t\t\t\t\t<\/div>\n\t\t\t\t\t<\/div>\n\t\t<\/div>\n\t\t\t\t<div class=\"elementor-column elementor-col-33 elementor-top-column elementor-element elementor-element-3570c1f\" data-id=\"3570c1f\" data-element_type=\"column\">\n\t\t\t<div class=\"elementor-column-wrap\">\n\t\t\t\t\t\t\t<div class=\"elementor-widget-wrap\">\n\t\t\t\t\t\t\t\t<\/div>\n\t\t\t\t\t<\/div>\n\t\t<\/div>\n\t\t\t\t\t\t\t\t<\/div>\n\t\t\t\t\t<\/div>\n\t\t<\/section>\n\t\t\t\t<section class=\"elementor-section elementor-top-section elementor-element elementor-element-8b060a2 elementor-section-content-middle elementor-section-boxed elementor-section-height-default elementor-section-height-default\" data-id=\"8b060a2\" data-element_type=\"section\" data-settings=\"{&quot;background_background&quot;:&quot;classic&quot;}\">\n\t\t\t\t\t\t<div class=\"elementor-container elementor-column-gap-no\">\n\t\t\t\t\t\t\t<div class=\"elementor-row\">\n\t\t\t\t\t<div class=\"elementor-column elementor-col-100 elementor-top-column elementor-element elementor-element-3123637\" data-id=\"3123637\" data-element_type=\"column\">\n\t\t\t<div class=\"elementor-column-wrap elementor-element-populated\">\n\t\t\t\t\t\t\t<div class=\"elementor-widget-wrap\">\n\t\t\t\t\t\t<section class=\"elementor-section elementor-inner-section elementor-element elementor-element-d149c2d elementor-section-boxed elementor-section-height-default elementor-section-height-default\" data-id=\"d149c2d\" data-element_type=\"section\">\n\t\t\t\t\t\t<div class=\"elementor-container elementor-column-gap-default\">\n\t\t\t\t\t\t\t<div class=\"elementor-row\">\n\t\t\t\t\t<div class=\"elementor-column elementor-col-33 elementor-inner-column elementor-element elementor-element-8a818ed\" data-id=\"8a818ed\" data-element_type=\"column\">\n\t\t\t<div class=\"elementor-column-wrap elementor-element-populated\">\n\t\t\t\t\t\t\t<div class=\"elementor-widget-wrap\">\n\t\t\t\t\t\t<div class=\"elementor-element elementor-element-1301c89 elementor-view-stacked elementor-shape-circle elementor-mobile-position-top elementor-vertical-align-top elementor-widget elementor-widget-icon-box\" data-id=\"1301c89\" data-element_type=\"widget\" data-widget_type=\"icon-box.default\">\n\t\t\t\t<div class=\"elementor-widget-container\">\n\t\t\t\t\t<div class=\"elementor-icon-box-wrapper\">\n\t\t\t\t\t\t<div class=\"elementor-icon-box-icon\">\n\t\t\t\t<a class=\"elementor-icon elementor-animation-grow\" href=\"http:\/\/amt-lavage.com\/?page_id=338\">\n\t\t\t\t<i class=\"fa fa-location-arrow\" aria-hidden=\"true\"><\/i>\t\t\t\t<\/a>\n\t\t\t<\/div>\n\t\t\t\t\t\t<div class=\"elementor-icon-box-content\">\n\t\t\t\t<h3 class=\"elementor-icon-box-title\">\n\t\t\t\t\t<a href=\"http:\/\/amt-lavage.com\/?page_id=338\" >\n\t\t\t\t\t\tSi\u00e8ge Social\t\t\t\t\t<\/a>\n\t\t\t\t<\/h3>\n\t\t\t\t\t\t\t\t\t<p class=\"elementor-icon-box-description\">\n\t\t\t\t\t\t385 rue Fran\u00e7ois Rabelais \nZI Port L'Ardoise Nord \n30290 Laudun-L'Ardoise\t\t\t\t\t<\/p>\n\t\t\t\t\t\t\t<\/div>\n\t\t<\/div>\n\t\t\t\t<\/div>\n\t\t\t\t<\/div>\n\t\t\t\t\t\t<\/div>\n\t\t\t\t\t<\/div>\n\t\t<\/div>\n\t\t\t\t<div class=\"elementor-column elementor-col-33 elementor-inner-column elementor-element elementor-element-504a659\" data-id=\"504a659\" data-element_type=\"column\">\n\t\t\t<div class=\"elementor-column-wrap elementor-element-populated\">\n\t\t\t\t\t\t\t<div class=\"elementor-widget-wrap\">\n\t\t\t\t\t\t<div class=\"elementor-element elementor-element-1a7eaab elementor-view-stacked elementor-shape-circle elementor-mobile-position-top elementor-vertical-align-top elementor-widget elementor-widget-icon-box\" data-id=\"1a7eaab\" data-element_type=\"widget\" data-widget_type=\"icon-box.default\">\n\t\t\t\t<div class=\"elementor-widget-container\">\n\t\t\t\t\t<div class=\"elementor-icon-box-wrapper\">\n\t\t\t\t\t\t<div class=\"elementor-icon-box-icon\">\n\t\t\t\t<a class=\"elementor-icon elementor-animation-grow\" href=\"http:\/\/amt-lavage.com\/?page_id=338\">\n\t\t\t\t<i class=\"fa fa-phone\" aria-hidden=\"true\"><\/i>\t\t\t\t<\/a>\n\t\t\t<\/div>\n\t\t\t\t\t\t<div class=\"elementor-icon-box-content\">\n\t\t\t\t<h3 class=\"elementor-icon-box-title\">\n\t\t\t\t\t<a href=\"http:\/\/amt-lavage.com\/?page_id=338\" >\n\t\t\t\t\t\tT\u00e9l\u00e9phone\t\t\t\t\t<\/a>\n\t\t\t\t<\/h3>\n\t\t\t\t\t\t\t\t\t<p class=\"elementor-icon-box-description\">\n\t\t\t\t\t\t04 66 82 55 62\t\t\t\t\t<\/p>\n\t\t\t\t\t\t\t<\/div>\n\t\t<\/div>\n\t\t\t\t<\/div>\n\t\t\t\t<\/div>\n\t\t\t\t\t\t<\/div>\n\t\t\t\t\t<\/div>\n\t\t<\/div>\n\t\t\t\t<div class=\"elementor-column elementor-col-33 elementor-inner-column elementor-element elementor-element-d44a393\" data-id=\"d44a393\" data-element_type=\"column\">\n\t\t\t<div class=\"elementor-column-wrap elementor-element-populated\">\n\t\t\t\t\t\t\t<div class=\"elementor-widget-wrap\">\n\t\t\t\t\t\t<div class=\"elementor-element elementor-element-b2ca6ef elementor-view-stacked elementor-shape-circle elementor-mobile-position-top elementor-vertical-align-top elementor-widget elementor-widget-icon-box\" data-id=\"b2ca6ef\" data-element_type=\"widget\" data-widget_type=\"icon-box.default\">\n\t\t\t\t<div class=\"elementor-widget-container\">\n\t\t\t\t\t<div class=\"elementor-icon-box-wrapper\">\n\t\t\t\t\t\t<div class=\"elementor-icon-box-icon\">\n\t\t\t\t<a class=\"elementor-icon elementor-animation-grow\" href=\"http:\/\/amt-lavage.com\/?page_id=338\">\n\t\t\t\t<i aria-hidden=\"true\" class=\"far fa-envelope\"><\/i>\t\t\t\t<\/a>\n\t\t\t<\/div>\n\t\t\t\t\t\t<div class=\"elementor-icon-box-content\">\n\t\t\t\t<h3 class=\"elementor-icon-box-title\">\n\t\t\t\t\t<a href=\"http:\/\/amt-lavage.com\/?page_id=338\" >\n\t\t\t\t\t\tEmail\t\t\t\t\t<\/a>\n\t\t\t\t<\/h3>\n\t\t\t\t\t\t\t\t\t<p class=\"elementor-icon-box-description\">\n\t\t\t\t\t\tcommercial@amt-lavage.fr\t\t\t\t\t<\/p>\n\t\t\t\t\t\t\t<\/div>\n\t\t<\/div>\n\t\t\t\t<\/div>\n\t\t\t\t<\/div>\n\t\t\t\t\t\t<\/div>\n\t\t\t\t\t<\/div>\n\t\t<\/div>\n\t\t\t\t\t\t\t\t<\/div>\n\t\t\t\t\t<\/div>\n\t\t<\/section>\n\t\t\t\t\t\t<\/div>\n\t\t\t\t\t<\/div>\n\t\t<\/div>\n\t\t\t\t\t\t\t\t<\/div>\n\t\t\t\t\t<\/div>\n\t\t<\/section>\n\t\t\t\t\t\t\t\t\t<\/div>\n\t\t\t<\/div>\n\t\t\t\t\t<\/div>\n\t\t","protected":false},"excerpt":{"rendered":"<p>Stargate S4 Stargate S6 Stargate S7 Stargate S8 Stargate S10 Stargate S111 Stargate SHP Startruck Si\u00e8ge Social 385 rue Fran\u00e7ois Rabelais ZI Port L&#8217;Ardoise Nord 30290 Laudun-L&#8217;Ardoise T\u00e9l\u00e9phone 04 66 82 55 62 Email commercial@amt-lavage.fr<\/p>\n","protected":false},"author":1,"featured_media":0,"parent":0,"menu_order":0,"comment_status":"closed","ping_status":"closed","template":"","meta":{"footnotes":""},"class_list":["post-447","page","type-page","status-publish","hentry"],"_links":{"self":[{"href":"http:\/\/amt-lavage.com\/index.php?rest_route=\/wp\/v2\/pages\/447","targetHints":{"allow":["GET"]}}],"collection":[{"href":"http:\/\/amt-lavage.com\/index.php?rest_route=\/wp\/v2\/pages"}],"about":[{"href":"http:\/\/amt-lavage.com\/index.php?rest_route=\/wp\/v2\/types\/page"}],"author":[{"embeddable":true,"href":"http:\/\/amt-lavage.com\/index.php?rest_route=\/wp\/v2\/users\/1"}],"replies":[{"embeddable":true,"href":"http:\/\/amt-lavage.com\/index.php?rest_route=%2Fwp%2Fv2%2Fcomments&post=447"}],"version-history":[{"count":46,"href":"http:\/\/amt-lavage.com\/index.php?rest_route=\/wp\/v2\/pages\/447\/revisions"}],"predecessor-version":[{"id":699,"href":"http:\/\/amt-lavage.com\/index.php?rest_route=\/wp\/v2\/pages\/447\/revisions\/699"}],"wp:attachment":[{"href":"http:\/\/amt-lavage.com\/index.php?rest_route=%2Fwp%2Fv2%2Fmedia&parent=447"}],"curies":[{"name":"wp","href":"https:\/\/api.w.org\/{rel}","templated":true}]}}